{"id":1485,"date":"2025-05-19T09:56:43","date_gmt":"2025-05-19T09:56:43","guid":{"rendered":"https:\/\/kneesolution.com\/vie-privee-et-securite\/"},"modified":"2026-01-07T20:40:36","modified_gmt":"2026-01-07T20:40:36","slug":"vie-privee-et-securite","status":"publish","type":"page","link":"https:\/\/kneesolution.com\/fr\/vie-privee-et-securite\/","title":{"rendered":"Vie priv\u00e9e et s\u00e9curit\u00e9"},"content":{"rendered":"\t\t<div data-elementor-type=\"wp-page\" data-elementor-id=\"1485\" class=\"elementor elementor-1485 elementor-961\" data-elementor-post-type=\"page\">\n\t\t\t\t<div class=\"wd-negative-gap elementor-element elementor-element-530610a e-flex e-con-boxed e-con e-parent\" data-id=\"530610a\" data-element_type=\"container\" data-e-type=\"container\">\n\t\t\t\t\t<div class=\"e-con-inner\">\n\t\t\t\t<div class=\"elementor-element elementor-element-620245d color-scheme-inherit text-left elementor-widget elementor-widget-text-editor\" data-id=\"620245d\" data-element_type=\"widget\" data-e-type=\"widget\" data-widget_type=\"text-editor.default\">\n\t\t\t\t<div class=\"elementor-widget-container\">\n\t\t\t\t\t\t\t\t\t<p><strong>Politique de confidentialit\u00e9 :<\/strong><\/p>\n<p><strong>KneeSolution<\/strong> respecte votre droit \u00e0 la vie priv\u00e9e et s&rsquo;engage \u00e0 prot\u00e9ger la vie priv\u00e9e de ses clients et des visiteurs de son site web. Nous nous conformons au R\u00e8glement g\u00e9n\u00e9ral sur la protection des donn\u00e9es (RGPD, mai 2024). <\/p>\n<p>Cette politique d\u00e9finit la mani\u00e8re dont nous recueillons et traitons vos informations personnelles.&nbsp;<\/p>\n<h5><strong>Quelles sont les informations personnelles que nous recueillons ?<\/strong><\/h5>\n<p><strong>KneeSolution<\/strong> recevra et stockera, de temps \u00e0 autre, les informations personnelles que vous entrez sur notre site web, que vous nous fournissez directement ou que vous nous donnez sous d&rsquo;autres formes.<\/p>\n<p>Vous pouvez fournir des informations de base telles que votre nom, votre num\u00e9ro de t\u00e9l\u00e9phone, votre adresse et votre adresse \u00e9lectronique pour nous permettre d&rsquo;envoyer des informations, de fournir des mises \u00e0 jour et de traiter votre commande de produit ou de service.<\/p>\n<p>En outre, nous pouvons \u00e9galement recueillir d&rsquo;autres informations personnelles que vous fournissez lorsque vous interagissez avec nous.<\/p>\n<h5>&nbsp;<strong>Comment recueillons-nous vos informations personnelles ?<\/strong><\/h5>\n<p>Nous recueillons des informations personnelles de diff\u00e9rentes mani\u00e8res, notamment lorsque vous interagissez avec nous par voie \u00e9lectronique ou en personne et lorsque vous acc\u00e9dez \u00e0 notre site web. Nous ne recueillons que les informations personnelles que vous nous fournissez directement. <\/p>\n<p>Nous pouvons recueillir des informations suppl\u00e9mentaires \u00e0 d&rsquo;autres moments, y compris, mais sans s&rsquo;y limiter, lorsque vous donnez votre avis, lorsque vous fournissez des informations sur vos affaires personnelles ou professionnelles, lorsque vous modifiez vos pr\u00e9f\u00e9rences en mati\u00e8re de courrier \u00e9lectronique, lorsque vous r\u00e9pondez \u00e0 des enqu\u00eates et\/ou \u00e0 des promotions, ou lorsque vous communiquez avec nous.<\/p>\n<h5>&nbsp;<strong>Comment utilisons-nous vos informations personnelles ?<\/strong><\/h5>\n<p>Nous pouvons utiliser les informations personnelles recueillies aupr\u00e8s de vous pour vous fournir des informations, des mises \u00e0 jour, des produits et des services. Nous pouvons \u00e9galement vous informer des produits, services et opportunit\u00e9s nouveaux et suppl\u00e9mentaires qui vous sont offerts. Nous pouvons utiliser vos informations personnelles pour am\u00e9liorer nos services et mieux comprendre vos besoins.  <\/p>\n<p>Nous pouvons \u00e9galement utiliser vos informations personnelles pour vous contacter au sujet de nos produits et services, y compris \u00e0 des fins de marketing. Vous pouvez \u00e0 tout moment refuser de recevoir du mat\u00e9riel de marketing. <\/p>\n<h5><strong>Comment divulguons-nous vos informations personnelles ?<\/strong><\/h5>\n<p>Nous ne vendons pas et ne traiterons pas d&rsquo;informations personnelles ou d&rsquo;informations sur les clients.<\/p>\n<p>Nous pouvons divulguer vos informations personnelles \u00e0 l&rsquo;un de nos employ\u00e9s, dirigeants, assureurs, conseillers professionnels, agents, fournisseurs ou sous-traitants. Nous ne le ferons que dans la mesure o\u00f9 cela est raisonnablement n\u00e9cessaire pour vous fournir nos services. <\/p>\n<p>Il se peut que nous devions parfois divulguer des informations personnelles pour nous conformer \u00e0 nos obligations l\u00e9gales.<\/p>\n<p>Nous pouvons \u00e9galement utiliser vos informations personnelles pour prot\u00e9ger les droits d&rsquo;auteur, les marques, les droits l\u00e9gaux, la propri\u00e9t\u00e9 ou la s\u00e9curit\u00e9 de <b>KneeSolution<\/b>, kneesolution.com, nos clients ou des tiers.<\/p>\n<p>En cas de changement de contr\u00f4le de notre entreprise, de vente ou de transfert d&rsquo;actifs commerciaux, nous nous r\u00e9servons le droit de transf\u00e9rer (dans la mesure o\u00f9 nous sommes l\u00e9galement en mesure de le faire) nos bases de donn\u00e9es d&rsquo;utilisateurs, ainsi que toutes les informations personnelles et non personnelles contenues dans ces bases de donn\u00e9es. Ces informations peuvent \u00eatre divulgu\u00e9es \u00e0 un acheteur potentiel dans le cadre d&rsquo;un accord de confidentialit\u00e9. Nous nous efforcerons de ne divulguer ces informations qu&rsquo;en toute bonne foi et lorsque les circonstances susmentionn\u00e9es l&rsquo;exigent.  <\/p>\n<p>En nous fournissant des informations personnelles, vous acceptez les termes de cette politique de confidentialit\u00e9 et les types de divulgation couverts par cette politique. Lorsque nous divulguons vos informations personnelles \u00e0 des tiers, nous leur demandons de respecter la pr\u00e9sente politique en ce qui concerne le traitement de vos informations personnelles. <\/p>\n<h5><strong>&nbsp;<\/strong><strong>Comment s\u00e9curisons-nous vos informations personnelles ?<\/strong><\/h5>\n<p>Nous nous engageons \u00e0 garantir la s\u00e9curit\u00e9 des informations que vous nous fournissez. Afin d&#8217;emp\u00eacher tout acc\u00e8s ou toute divulgation non autoris\u00e9s, nous avons mis en place des proc\u00e9dures physiques, \u00e9lectroniques et de gestion appropri\u00e9es pour sauvegarder et s\u00e9curiser les informations et les prot\u00e9ger contre les abus, les interf\u00e9rences, les pertes et les acc\u00e8s, modifications et divulgations non autoris\u00e9s. <\/p>\n<p>La transmission et l&rsquo;\u00e9change d&rsquo;informations se font \u00e0 vos propres risques. Nous ne pouvons pas garantir la s\u00e9curit\u00e9 des informations que vous nous transmettez ou que vous recevez de notre part. <\/p>\n<h5><strong>Comment pouvez-vous acc\u00e9der \u00e0 vos informations personnelles ?<\/strong><\/h5>\n<p>Vous pouvez demander des d\u00e9tails sur les informations personnelles que nous d\u00e9tenons \u00e0 votre sujet en nous envoyant un courrier \u00e9lectronique \u00e0 l&rsquo;adresse suivante <a href=\"mailto:support@kneesolution.com\"><strong>support@kneesolution.com<\/strong><\/a>.<\/p>\n<p>Nous nous r\u00e9servons le droit de refuser de vous fournir les informations que nous d\u00e9tenons sur vous, dans certaines circonstances pr\u00e9vues par la loi sur la protection de la vie priv\u00e9e.<\/p>\n<h5><strong>Vous souhaitez supprimer vos informations (<\/strong><strong>Que dit le GDPR) ?<\/strong><\/h5>\n<p>Conform\u00e9ment aux <a href=\"https:\/\/www.cnil.fr\/fr\/reglement-europeen-protection-donnees\/chapitre3#Article17\" target=\"_blank\" rel=\"noopener\">articles 17<\/a> et <a href=\"https:\/\/www.cnil.fr\/fr\/reglement-europeen-protection-donnees\/chapitre3#Article21\" target=\"_blank\" rel=\"noopener\">21<\/a> du GDPR, toute personne peut demander que ses donn\u00e9es personnelles soient retir\u00e9es d&rsquo;un site web.<\/p>\n<p>Le responsable du traitement qui re\u00e7oit une telle demande dispose d&rsquo;un mois maximum pour y r\u00e9pondre (<a href=\"https:\/\/www.cnil.fr\/fr\/reglement-europeen-protection-donnees\/chapitre3#Article12\" target=\"_blank\" rel=\"noopener\">article 12<\/a> du GDPR).<\/p>\n<p>Lorsqu&rsquo;ils suppriment le contenu, ils sont \u00e9galement tenus de prendre des mesures pour notifier \u00e0 tout autre responsable du traitement des donn\u00e9es susceptible d&rsquo;avoir trait\u00e9 les donn\u00e9es que la personne concern\u00e9e a demand\u00e9 l&rsquo;effacement de tous les liens vers ces donn\u00e9es \u00e0 caract\u00e8re personnel, ou de toutes les copies ou recr\u00e9ations de ces donn\u00e9es (article 17, paragraphe 2, du r\u00e8glement GDPR).<\/p>\n<h5><strong>Quels sont vos droits en ce qui concerne vos donn\u00e9es personnelles ?<\/strong><\/h5>\n<p>Vous avez le droit d&rsquo;acc\u00e9der \u00e0 vos donn\u00e9es personnelles et de nous demander de les corriger.<\/p>\n<h5><strong>Modifications de la politique de confidentialit\u00e9<\/strong><\/h5>\n<p>Nous vous informons que nous pouvons apporter des modifications \u00e0 notre politique de confidentialit\u00e9 \u00e0 l&rsquo;avenir. Nous vous invitons \u00e0 consulter r\u00e9guli\u00e8rement notre politique de confidentialit\u00e9. <\/p>\n<h5><strong>Cookies et pixels<\/strong><\/h5>\n<p>Un cookie est un petit fichier plac\u00e9 dans votre navigateur web qui recueille des informations sur votre historique de navigation. L&rsquo;utilisation de cookies permet \u00e0 un site web d&rsquo;adapter sa configuration \u00e0 vos besoins et pr\u00e9f\u00e9rences. Les cookies n&rsquo;acc\u00e8dent pas aux informations stock\u00e9es sur votre ordinateur ni aux donn\u00e9es personnelles (par exemple, le nom, l&rsquo;adresse, l&rsquo;adresse \u00e9lectronique ou le num\u00e9ro de t\u00e9l\u00e9phone). La plupart des navigateurs web acceptent automatiquement les cookies, mais vous pouvez choisir de les refuser en modifiant les param\u00e8tres de votre navigateur. Cela peut toutefois vous emp\u00eacher de profiter pleinement de notre site web.    <\/p>\n<p class=\"rte\">Notre site web utilise des cookies pour analyser le trafic du site web, fournir des fonctionnalit\u00e9s de partage et d&rsquo;appr\u00e9ciation des m\u00e9dias sociaux et nous aider \u00e0 offrir une meilleure exp\u00e9rience aux visiteurs du site web. En outre, les cookies et les pixels peuvent \u00eatre utilis\u00e9s pour diffuser des publicit\u00e9s pertinentes aux visiteurs du site web par le biais de services tiers tels que, mais sans s&rsquo;y limiter, Google Adwords, Facebook Adverts, ainsi que des publicit\u00e9s sur You tube, LinkedIn et Instagram. Ces publicit\u00e9s peuvent appara\u00eetre sur ce site web ou sur d&rsquo;autres sites web que vous visitez.  <\/p>\t\t\t\t\t\t\t\t<\/div>\n\t\t\t\t<\/div>\n\t\t\t\t\t<\/div>\n\t\t\t\t<\/div>\n\t\t\t\t<\/div>\n\t\t","protected":false},"excerpt":{"rendered":"<p>Politique de confidentialit\u00e9 : KneeSolution respecte votre droit \u00e0 la vie priv\u00e9e et s&rsquo;engage \u00e0 prot\u00e9ger la vie priv\u00e9e de<\/p>\n","protected":false},"author":2,"featured_media":0,"parent":0,"menu_order":0,"comment_status":"closed","ping_status":"closed","template":"elementor_header_footer","meta":{"footnotes":""},"class_list":["post-1485","page","type-page","status-publish","hentry"],"yoast_head":"<!-- This site is optimized with the Yoast SEO plugin v27.4 - https:\/\/yoast.com\/product\/yoast-seo-wordpress\/ -->\n<title>Vie priv\u00e9e et s\u00e9curit\u00e9 - KneeSolution<\/title>\n<meta name=\"description\" content=\"D\u00e9couvrez notre politique de confidentialit\u00e9 et nos mesures de s\u00e9curit\u00e9 : protection des donn\u00e9es personnelles, utilisation des cookies et droits des utilisateurs.\" \/>\n<meta name=\"robots\" content=\"index, follow, max-snippet:-1, max-image-preview:large, max-video-preview:-1\" \/>\n<link rel=\"canonical\" href=\"https:\/\/kneesolution.com\/fr\/vie-privee-et-securite\/\" \/>\n<meta property=\"og:locale\" content=\"fr_FR\" \/>\n<meta property=\"og:type\" content=\"article\" \/>\n<meta property=\"og:title\" content=\"Vie priv\u00e9e et s\u00e9curit\u00e9 - KneeSolution\" \/>\n<meta property=\"og:description\" content=\"D\u00e9couvrez notre politique de confidentialit\u00e9 et nos mesures de s\u00e9curit\u00e9 : protection des donn\u00e9es personnelles, utilisation des cookies et droits des utilisateurs.\" \/>\n<meta property=\"og:url\" content=\"https:\/\/kneesolution.com\/fr\/vie-privee-et-securite\/\" \/>\n<meta property=\"og:site_name\" content=\"KneeSolution\" \/>\n<meta property=\"article:modified_time\" content=\"2026-01-07T20:40:36+00:00\" \/>\n<meta property=\"og:image\" content=\"https:\/\/kneesolution.com\/wp-content\/uploads\/2025\/05\/Knee-Solutions.gif\" \/>\n\t<meta property=\"og:image:width\" content=\"445\" \/>\n\t<meta property=\"og:image:height\" content=\"505\" \/>\n\t<meta property=\"og:image:type\" content=\"image\/gif\" \/>\n<meta name=\"twitter:card\" content=\"summary_large_image\" \/>\n<meta name=\"twitter:label1\" content=\"Dur\u00e9e de lecture estim\u00e9e\" \/>\n\t<meta name=\"twitter:data1\" content=\"5 minutes\" \/>\n<script type=\"application\/ld+json\" class=\"yoast-schema-graph\">{\"@context\":\"https:\\\/\\\/schema.org\",\"@graph\":[{\"@type\":\"WebPage\",\"@id\":\"https:\\\/\\\/kneesolution.com\\\/fr\\\/vie-privee-et-securite\\\/\",\"url\":\"https:\\\/\\\/kneesolution.com\\\/fr\\\/vie-privee-et-securite\\\/\",\"name\":\"Vie priv\u00e9e et s\u00e9curit\u00e9 - KneeSolution\",\"isPartOf\":{\"@id\":\"https:\\\/\\\/kneesolution.com\\\/fr\\\/#website\"},\"datePublished\":\"2025-05-19T09:56:43+00:00\",\"dateModified\":\"2026-01-07T20:40:36+00:00\",\"description\":\"D\u00e9couvrez notre politique de confidentialit\u00e9 et nos mesures de s\u00e9curit\u00e9 : protection des donn\u00e9es personnelles, utilisation des cookies et droits des utilisateurs.\",\"breadcrumb\":{\"@id\":\"https:\\\/\\\/kneesolution.com\\\/fr\\\/vie-privee-et-securite\\\/#breadcrumb\"},\"inLanguage\":\"fr-FR\",\"potentialAction\":[{\"@type\":\"ReadAction\",\"target\":[\"https:\\\/\\\/kneesolution.com\\\/fr\\\/vie-privee-et-securite\\\/\"]}]},{\"@type\":\"BreadcrumbList\",\"@id\":\"https:\\\/\\\/kneesolution.com\\\/fr\\\/vie-privee-et-securite\\\/#breadcrumb\",\"itemListElement\":[{\"@type\":\"ListItem\",\"position\":1,\"name\":\"Accueil\",\"item\":\"https:\\\/\\\/kneesolution.com\\\/fr\\\/\"},{\"@type\":\"ListItem\",\"position\":2,\"name\":\"Vie priv\u00e9e et s\u00e9curit\u00e9\"}]},{\"@type\":\"WebSite\",\"@id\":\"https:\\\/\\\/kneesolution.com\\\/fr\\\/#website\",\"url\":\"https:\\\/\\\/kneesolution.com\\\/fr\\\/\",\"name\":\"KneeSolution\",\"description\":\"Because Every Step Matters\",\"publisher\":{\"@id\":\"https:\\\/\\\/kneesolution.com\\\/fr\\\/#organization\"},\"alternateName\":\"KneeSolution\",\"potentialAction\":[{\"@type\":\"SearchAction\",\"target\":{\"@type\":\"EntryPoint\",\"urlTemplate\":\"https:\\\/\\\/kneesolution.com\\\/fr\\\/?s={search_term_string}\"},\"query-input\":{\"@type\":\"PropertyValueSpecification\",\"valueRequired\":true,\"valueName\":\"search_term_string\"}}],\"inLanguage\":\"fr-FR\"},{\"@type\":\"Organization\",\"@id\":\"https:\\\/\\\/kneesolution.com\\\/fr\\\/#organization\",\"name\":\"GenouSolution\",\"url\":\"https:\\\/\\\/kneesolution.com\\\/fr\\\/\",\"logo\":{\"@type\":\"ImageObject\",\"inLanguage\":\"fr-FR\",\"@id\":\"https:\\\/\\\/kneesolution.com\\\/fr\\\/#\\\/schema\\\/logo\\\/image\\\/\",\"url\":\"https:\\\/\\\/kneesolution.com\\\/wp-content\\\/uploads\\\/2025\\\/05\\\/Knee-Solutions.gif\",\"contentUrl\":\"https:\\\/\\\/kneesolution.com\\\/wp-content\\\/uploads\\\/2025\\\/05\\\/Knee-Solutions.gif\",\"width\":445,\"height\":505,\"caption\":\"GenouSolution\"},\"image\":{\"@id\":\"https:\\\/\\\/kneesolution.com\\\/fr\\\/#\\\/schema\\\/logo\\\/image\\\/\"}}]}<\/script>\n<!-- \/ Yoast SEO plugin. -->","yoast_head_json":{"title":"Vie priv\u00e9e et s\u00e9curit\u00e9 - KneeSolution","description":"D\u00e9couvrez notre politique de confidentialit\u00e9 et nos mesures de s\u00e9curit\u00e9 : protection des donn\u00e9es personnelles, utilisation des cookies et droits des utilisateurs.","robots":{"index":"index","follow":"follow","max-snippet":"max-snippet:-1","max-image-preview":"max-image-preview:large","max-video-preview":"max-video-preview:-1"},"canonical":"https:\/\/kneesolution.com\/fr\/vie-privee-et-securite\/","og_locale":"fr_FR","og_type":"article","og_title":"Vie priv\u00e9e et s\u00e9curit\u00e9 - KneeSolution","og_description":"D\u00e9couvrez notre politique de confidentialit\u00e9 et nos mesures de s\u00e9curit\u00e9 : protection des donn\u00e9es personnelles, utilisation des cookies et droits des utilisateurs.","og_url":"https:\/\/kneesolution.com\/fr\/vie-privee-et-securite\/","og_site_name":"KneeSolution","article_modified_time":"2026-01-07T20:40:36+00:00","og_image":[{"width":445,"height":505,"url":"https:\/\/kneesolution.com\/wp-content\/uploads\/2025\/05\/Knee-Solutions.gif","type":"image\/gif"}],"twitter_card":"summary_large_image","twitter_misc":{"Dur\u00e9e de lecture estim\u00e9e":"5 minutes"},"schema":{"@context":"https:\/\/schema.org","@graph":[{"@type":"WebPage","@id":"https:\/\/kneesolution.com\/fr\/vie-privee-et-securite\/","url":"https:\/\/kneesolution.com\/fr\/vie-privee-et-securite\/","name":"Vie priv\u00e9e et s\u00e9curit\u00e9 - KneeSolution","isPartOf":{"@id":"https:\/\/kneesolution.com\/fr\/#website"},"datePublished":"2025-05-19T09:56:43+00:00","dateModified":"2026-01-07T20:40:36+00:00","description":"D\u00e9couvrez notre politique de confidentialit\u00e9 et nos mesures de s\u00e9curit\u00e9 : protection des donn\u00e9es personnelles, utilisation des cookies et droits des utilisateurs.","breadcrumb":{"@id":"https:\/\/kneesolution.com\/fr\/vie-privee-et-securite\/#breadcrumb"},"inLanguage":"fr-FR","potentialAction":[{"@type":"ReadAction","target":["https:\/\/kneesolution.com\/fr\/vie-privee-et-securite\/"]}]},{"@type":"BreadcrumbList","@id":"https:\/\/kneesolution.com\/fr\/vie-privee-et-securite\/#breadcrumb","itemListElement":[{"@type":"ListItem","position":1,"name":"Accueil","item":"https:\/\/kneesolution.com\/fr\/"},{"@type":"ListItem","position":2,"name":"Vie priv\u00e9e et s\u00e9curit\u00e9"}]},{"@type":"WebSite","@id":"https:\/\/kneesolution.com\/fr\/#website","url":"https:\/\/kneesolution.com\/fr\/","name":"KneeSolution","description":"Because Every Step Matters","publisher":{"@id":"https:\/\/kneesolution.com\/fr\/#organization"},"alternateName":"KneeSolution","potentialAction":[{"@type":"SearchAction","target":{"@type":"EntryPoint","urlTemplate":"https:\/\/kneesolution.com\/fr\/?s={search_term_string}"},"query-input":{"@type":"PropertyValueSpecification","valueRequired":true,"valueName":"search_term_string"}}],"inLanguage":"fr-FR"},{"@type":"Organization","@id":"https:\/\/kneesolution.com\/fr\/#organization","name":"GenouSolution","url":"https:\/\/kneesolution.com\/fr\/","logo":{"@type":"ImageObject","inLanguage":"fr-FR","@id":"https:\/\/kneesolution.com\/fr\/#\/schema\/logo\/image\/","url":"https:\/\/kneesolution.com\/wp-content\/uploads\/2025\/05\/Knee-Solutions.gif","contentUrl":"https:\/\/kneesolution.com\/wp-content\/uploads\/2025\/05\/Knee-Solutions.gif","width":445,"height":505,"caption":"GenouSolution"},"image":{"@id":"https:\/\/kneesolution.com\/fr\/#\/schema\/logo\/image\/"}}]}},"_links":{"self":[{"href":"https:\/\/kneesolution.com\/fr\/wp-json\/wp\/v2\/pages\/1485","targetHints":{"allow":["GET"]}}],"collection":[{"href":"https:\/\/kneesolution.com\/fr\/wp-json\/wp\/v2\/pages"}],"about":[{"href":"https:\/\/kneesolution.com\/fr\/wp-json\/wp\/v2\/types\/page"}],"author":[{"embeddable":true,"href":"https:\/\/kneesolution.com\/fr\/wp-json\/wp\/v2\/users\/2"}],"replies":[{"embeddable":true,"href":"https:\/\/kneesolution.com\/fr\/wp-json\/wp\/v2\/comments?post=1485"}],"version-history":[{"count":6,"href":"https:\/\/kneesolution.com\/fr\/wp-json\/wp\/v2\/pages\/1485\/revisions"}],"predecessor-version":[{"id":5078,"href":"https:\/\/kneesolution.com\/fr\/wp-json\/wp\/v2\/pages\/1485\/revisions\/5078"}],"wp:attachment":[{"href":"https:\/\/kneesolution.com\/fr\/wp-json\/wp\/v2\/media?parent=1485"}],"curies":[{"name":"wp","href":"https:\/\/api.w.org\/{rel}","templated":true}]}}