{"id":1487,"date":"2025-05-19T09:55:56","date_gmt":"2025-05-19T09:55:56","guid":{"rendered":"https:\/\/kneesolution.com\/retour-et-remboursement\/"},"modified":"2025-11-16T16:38:15","modified_gmt":"2025-11-16T16:38:15","slug":"retour-et-remboursement","status":"publish","type":"page","link":"https:\/\/kneesolution.com\/fr\/retour-et-remboursement\/","title":{"rendered":"Retour et remboursement"},"content":{"rendered":"\t\t<div data-elementor-type=\"wp-page\" data-elementor-id=\"1487\" class=\"elementor elementor-1487 elementor-959\" data-elementor-post-type=\"page\">\n\t\t\t\t<div class=\"wd-negative-gap elementor-element elementor-element-a438858 e-flex e-con-boxed e-con e-parent\" data-id=\"a438858\" data-element_type=\"container\" data-e-type=\"container\">\n\t\t\t\t\t<div class=\"e-con-inner\">\n\t\t\t\t<div class=\"elementor-element elementor-element-6300769 color-scheme-inherit text-left elementor-widget elementor-widget-text-editor\" data-id=\"6300769\" data-element_type=\"widget\" data-e-type=\"widget\" data-widget_type=\"text-editor.default\">\n\t\t\t\t<div class=\"elementor-widget-container\">\n\t\t\t\t\t\t\t\t\t<p>Notre principale pr\u00e9occupation est de satisfaire nos clients, c&rsquo;est pourquoi nous essayons d&rsquo;avoir la politique de retour la plus flexible possible dans le cadre des conditions autoris\u00e9es par chaque marque et fabricant que nous revendons. Si vous n&rsquo;\u00eates pas satisfait d&rsquo;une partie de votre commande, veuillez nous contacter imm\u00e9diatement et nous ferons de notre mieux pour arranger les choses avec nos fournisseurs.<\/p><h3>Annulations<\/h3><p>Si vous d\u00e9cidez d&rsquo;annuler votre commande avant qu&rsquo;elle ne soit exp\u00e9di\u00e9e, veuillez nous envoyer imm\u00e9diatement un courrier \u00e9lectronique \u00e0 l&rsquo;adresse suivante <a href=\"mailto:support@kneesolution.com\"><strong>support@kneesolution.com<\/strong><\/a> et nous annulerons votre commande. Les annulations soumises par e-mail dans les 12 heures suivant l&rsquo;achat n&rsquo;entra\u00eeneront pas de frais. Les annulations soumises apr\u00e8s 12 heures peuvent entra\u00eener des frais de r\u00e9approvisionnement et de retour de la part de nos fabricants et seront analys\u00e9es au cas par cas. Dans la mesure du possible, nous essaierons d&rsquo;intervenir pour \u00e9viter ces frais.<\/p><p>Si votre commande a d\u00e9j\u00e0 \u00e9t\u00e9 exp\u00e9di\u00e9e et que vous souhaitez la renvoyer, ne refusez pas la livraison \u00e0 moins qu&rsquo;un membre de notre \u00e9quipe ne vous l&rsquo;ait d\u00e9j\u00e0 demand\u00e9. Acceptez le colis et suivez les proc\u00e9dures de retour ci-dessous. Si une commande est annul\u00e9e apr\u00e8s avoir \u00e9t\u00e9 exp\u00e9di\u00e9e, KneeSolution ne couvre pas les frais de retour.<\/p><p>Le client est seul responsable des frais de retour en cas d&rsquo;annulation. Cela inclut les envois de fret LTL pour lesquels il n&rsquo;est pas possible de fixer un rendez-vous de livraison. Les frais d&rsquo;exp\u00e9dition initiaux, les frais de r\u00e9acheminement du fret et les frais de restockage seront d\u00e9duits du remboursement.<\/p><h3>\u00c9ligibilit\u00e9 au retour<\/h3><p>Pour un remboursement complet, l&rsquo;article doit \u00eatre retourn\u00e9 dans son emballage d&rsquo;origine ou dans un emballage \u00e9quivalent afin de s&rsquo;assurer qu&rsquo;il n&rsquo;a pas \u00e9t\u00e9 endommag\u00e9 pendant le transport.<\/p><p>L&rsquo;article doit \u00eatre retourn\u00e9 dans un \u00e9tat <strong>NEUF et<\/strong> <strong>revendable<\/strong>, ou bien l&rsquo;article doit \u00eatre retourn\u00e9 dans son \u00e9tat d&rsquo;<strong>origine<\/strong>.<strong> <\/strong>l&rsquo;\u00e9tat dans lequel il a \u00e9t\u00e9 re\u00e7u. Les produits retourn\u00e9s sans pi\u00e8ces, endommag\u00e9s, sales ou qui ont manifestement \u00e9t\u00e9 utilis\u00e9s <strong>peuvent \u00eatre enti\u00e8rement refus\u00e9s<\/strong> ou le montant du retour peut \u00eatre r\u00e9duit en fonction de la main-d&rsquo;\u0153uvre et des pi\u00e8ces n\u00e9cessaires pour remettre le produit \u00e0 l&rsquo;\u00e9tat neuf.<\/p><p>Dans le cas o\u00f9 KneeSolution <strong>n&rsquo;<\/strong> a <strong>pas factur\u00e9 les frais d&rsquo;exp\u00e9dition<\/strong> (hors frais de livraison r\u00e9sidentielle ou de hayon \u00e9l\u00e9vateur) pour votre commande, des <strong>frais de restockage peuvent \u00eatre d\u00e9duits<\/strong> du remboursement. Si vos articles ont \u00e9t\u00e9 exp\u00e9di\u00e9s en fret LTL, des <strong>frais de restockage<\/strong> seront toujours d\u00e9duits du remboursement.<\/p><p>Ces frais de restockage ne s&rsquo;appliquent pas aux \u00e9changes non-LTL, ou s&rsquo;il s&rsquo;agit d&rsquo;une erreur de notre part ou d&rsquo;une erreur dans la commande.<\/p><p>Les demandes de retour sont accept\u00e9es dans les <strong>quatorze (14)<\/strong> jours suivant la r\u00e9ception de l&rsquo;article. <strong>Les retours peuvent \u00e9galement \u00eatre soumis \u00e0 des frais de restockage suppl\u00e9mentaires en fonction de l&rsquo;article.<\/strong> Pour toute question concernant l&rsquo;admissibilit\u00e9 d&rsquo;un retour sp\u00e9cifique ou pour initier un retour, veuillez nous contacter \u00e0 l&rsquo;adresse suivante <a href=\"mailto:support@kneesolution.com\"><strong>support@kneesolution.com<\/strong><\/a>.<\/p><div id=\"shopify-section-template--14940279930945__main\" class=\"shopify-section\"><section data-section-id=\"template--14940279930945__main\" data-section-type=\"page\"><h3>Articles endommag\u00e9s<\/h3><p>Bien que cela soit extr\u00eamement rare, il est possible que votre article soit endommag\u00e9 pendant le transport. \u00c0 l&rsquo;arriv\u00e9e de votre colis, veuillez inspecter l&#8217;emballage. Si vous constatez des dommages visibles, veuillez accepter le colis et inscrire \u00ab\u00a0Colis endommag\u00e9\u00a0\u00bb sur le formulaire sign\u00e9. Cela vous prot\u00e8ge dans le cas o\u00f9 le dommage s&rsquo;est produit pendant le transport. Si l&rsquo;article est endommag\u00e9, veuillez envoyer des photos \u00e0<b> support@kneesolution.com,<\/b> et nous vous aiderons \u00e0 traiter le retour, la demande d&rsquo;assurance et\/ou l&rsquo;\u00e9change.<\/p><p>Si vous avez achet\u00e9 le service <strong>Route Shipping Protection<\/strong> lors de la commande, il se peut que votre article soit couvert par Route, et vous devez d\u00e9poser votre r\u00e9clamation aupr\u00e8s d&rsquo;eux. Vous avez re\u00e7u un e-mail de Route imm\u00e9diatement apr\u00e8s avoir effectu\u00e9 votre achat. Pour plus d&rsquo;informations sur l&rsquo;itin\u00e9raire, veuillez consulter notre <strong><a title=\"FAQ \u00e0 Miamifur\" href=\"https:\/\/kneesolution.com\/faqs\/\">page FAQ<\/a><\/strong>sous la rubrique \u00ab\u00a0Exp\u00e9dition\u00a0\u00bb.<\/p><h3>Remboursements :<\/h3><p>Si vos articles ont \u00e9t\u00e9 exp\u00e9di\u00e9s en fret LTL, les frais d&rsquo;exp\u00e9dition initiaux seront toujours d\u00e9duits du remboursement. Toutefois, les frais d&rsquo;envoi initiaux ne seront pas d\u00e9duits du remboursement pour les \u00e9changes de fret non-LTL ou en cas d&rsquo;erreur de notre part (valable pour 1 \u00e9change).<\/p><p>Les remboursements seront effectu\u00e9s sur la carte de cr\u00e9dit ou le compte PayPal que vous avez utilis\u00e9 pour passer votre commande. Un remboursement sera automatiquement effectu\u00e9 apr\u00e8s le traitement d&rsquo;une demande d&rsquo;annulation ou de retour. Toutefois, si vous souhaitez vous renseigner sur l&rsquo;\u00e9tat d&rsquo;un remboursement existant, veuillez nous contacter \u00e0 l&rsquo;adresse suivante <a href=\"mailto:support@kneesolution.com\"><strong>support@kneesolution.com<\/strong><\/a><\/p><\/section><\/div>\t\t\t\t\t\t\t\t<\/div>\n\t\t\t\t<\/div>\n\t\t\t\t\t<\/div>\n\t\t\t\t<\/div>\n\t\t\t\t<\/div>\n\t\t","protected":false},"excerpt":{"rendered":"<p>Notre principale pr\u00e9occupation est de satisfaire nos clients, c&rsquo;est pourquoi nous essayons d&rsquo;avoir la politique de retour la plus flexible<\/p>\n","protected":false},"author":2,"featured_media":0,"parent":0,"menu_order":0,"comment_status":"closed","ping_status":"closed","template":"elementor_header_footer","meta":{"footnotes":""},"class_list":["post-1487","page","type-page","status-publish","hentry"],"yoast_head":"<!-- This site is optimized with the Yoast SEO plugin v27.4 - https:\/\/yoast.com\/product\/yoast-seo-wordpress\/ -->\n<title>Retour et remboursement - KneeSolution<\/title>\n<meta name=\"description\" content=\"Retour et remboursement - Politique de retour flexible : 14 jours pour changer d&#039;avis, frais de retour gratuits, remboursement sous 7 jours. Satisfaction du client garantie.\" \/>\n<meta name=\"robots\" content=\"index, follow, max-snippet:-1, max-image-preview:large, max-video-preview:-1\" \/>\n<link rel=\"canonical\" href=\"https:\/\/kneesolution.com\/fr\/retour-et-remboursement\/\" \/>\n<meta property=\"og:locale\" content=\"fr_FR\" \/>\n<meta property=\"og:type\" content=\"article\" \/>\n<meta property=\"og:title\" content=\"Retour et remboursement - KneeSolution\" \/>\n<meta property=\"og:description\" content=\"Retour et remboursement - Politique de retour flexible : 14 jours pour changer d&#039;avis, frais de retour gratuits, remboursement sous 7 jours. Satisfaction du client garantie.\" \/>\n<meta property=\"og:url\" content=\"https:\/\/kneesolution.com\/fr\/retour-et-remboursement\/\" \/>\n<meta property=\"og:site_name\" content=\"KneeSolution\" \/>\n<meta property=\"article:modified_time\" content=\"2025-11-16T16:38:15+00:00\" \/>\n<meta property=\"og:image\" content=\"https:\/\/kneesolution.com\/wp-content\/uploads\/2025\/05\/Knee-Solutions.gif\" \/>\n\t<meta property=\"og:image:width\" content=\"445\" \/>\n\t<meta property=\"og:image:height\" content=\"505\" \/>\n\t<meta property=\"og:image:type\" content=\"image\/gif\" \/>\n<meta name=\"twitter:card\" content=\"summary_large_image\" \/>\n<meta name=\"twitter:label1\" content=\"Dur\u00e9e de lecture estim\u00e9e\" \/>\n\t<meta name=\"twitter:data1\" content=\"4 minutes\" \/>\n<script type=\"application\/ld+json\" class=\"yoast-schema-graph\">{\"@context\":\"https:\\\/\\\/schema.org\",\"@graph\":[{\"@type\":\"WebPage\",\"@id\":\"https:\\\/\\\/kneesolution.com\\\/fr\\\/retour-et-remboursement\\\/\",\"url\":\"https:\\\/\\\/kneesolution.com\\\/fr\\\/retour-et-remboursement\\\/\",\"name\":\"Retour et remboursement - KneeSolution\",\"isPartOf\":{\"@id\":\"https:\\\/\\\/kneesolution.com\\\/fr\\\/#website\"},\"datePublished\":\"2025-05-19T09:55:56+00:00\",\"dateModified\":\"2025-11-16T16:38:15+00:00\",\"description\":\"Retour et remboursement - Politique de retour flexible : 14 jours pour changer d'avis, frais de retour gratuits, remboursement sous 7 jours. Satisfaction du client garantie.\",\"breadcrumb\":{\"@id\":\"https:\\\/\\\/kneesolution.com\\\/fr\\\/retour-et-remboursement\\\/#breadcrumb\"},\"inLanguage\":\"fr-FR\",\"potentialAction\":[{\"@type\":\"ReadAction\",\"target\":[\"https:\\\/\\\/kneesolution.com\\\/fr\\\/retour-et-remboursement\\\/\"]}]},{\"@type\":\"BreadcrumbList\",\"@id\":\"https:\\\/\\\/kneesolution.com\\\/fr\\\/retour-et-remboursement\\\/#breadcrumb\",\"itemListElement\":[{\"@type\":\"ListItem\",\"position\":1,\"name\":\"Accueil\",\"item\":\"https:\\\/\\\/kneesolution.com\\\/fr\\\/\"},{\"@type\":\"ListItem\",\"position\":2,\"name\":\"Retour et remboursement\"}]},{\"@type\":\"WebSite\",\"@id\":\"https:\\\/\\\/kneesolution.com\\\/fr\\\/#website\",\"url\":\"https:\\\/\\\/kneesolution.com\\\/fr\\\/\",\"name\":\"KneeSolution\",\"description\":\"Because Every Step Matters\",\"publisher\":{\"@id\":\"https:\\\/\\\/kneesolution.com\\\/fr\\\/#organization\"},\"alternateName\":\"KneeSolution\",\"potentialAction\":[{\"@type\":\"SearchAction\",\"target\":{\"@type\":\"EntryPoint\",\"urlTemplate\":\"https:\\\/\\\/kneesolution.com\\\/fr\\\/?s={search_term_string}\"},\"query-input\":{\"@type\":\"PropertyValueSpecification\",\"valueRequired\":true,\"valueName\":\"search_term_string\"}}],\"inLanguage\":\"fr-FR\"},{\"@type\":\"Organization\",\"@id\":\"https:\\\/\\\/kneesolution.com\\\/fr\\\/#organization\",\"name\":\"GenouSolution\",\"url\":\"https:\\\/\\\/kneesolution.com\\\/fr\\\/\",\"logo\":{\"@type\":\"ImageObject\",\"inLanguage\":\"fr-FR\",\"@id\":\"https:\\\/\\\/kneesolution.com\\\/fr\\\/#\\\/schema\\\/logo\\\/image\\\/\",\"url\":\"https:\\\/\\\/kneesolution.com\\\/wp-content\\\/uploads\\\/2025\\\/05\\\/Knee-Solutions.gif\",\"contentUrl\":\"https:\\\/\\\/kneesolution.com\\\/wp-content\\\/uploads\\\/2025\\\/05\\\/Knee-Solutions.gif\",\"width\":445,\"height\":505,\"caption\":\"GenouSolution\"},\"image\":{\"@id\":\"https:\\\/\\\/kneesolution.com\\\/fr\\\/#\\\/schema\\\/logo\\\/image\\\/\"}}]}<\/script>\n<!-- \/ Yoast SEO plugin. -->","yoast_head_json":{"title":"Retour et remboursement - KneeSolution","description":"Retour et remboursement - Politique de retour flexible : 14 jours pour changer d'avis, frais de retour gratuits, remboursement sous 7 jours. Satisfaction du client garantie.","robots":{"index":"index","follow":"follow","max-snippet":"max-snippet:-1","max-image-preview":"max-image-preview:large","max-video-preview":"max-video-preview:-1"},"canonical":"https:\/\/kneesolution.com\/fr\/retour-et-remboursement\/","og_locale":"fr_FR","og_type":"article","og_title":"Retour et remboursement - KneeSolution","og_description":"Retour et remboursement - Politique de retour flexible : 14 jours pour changer d'avis, frais de retour gratuits, remboursement sous 7 jours. Satisfaction du client garantie.","og_url":"https:\/\/kneesolution.com\/fr\/retour-et-remboursement\/","og_site_name":"KneeSolution","article_modified_time":"2025-11-16T16:38:15+00:00","og_image":[{"width":445,"height":505,"url":"https:\/\/kneesolution.com\/wp-content\/uploads\/2025\/05\/Knee-Solutions.gif","type":"image\/gif"}],"twitter_card":"summary_large_image","twitter_misc":{"Dur\u00e9e de lecture estim\u00e9e":"4 minutes"},"schema":{"@context":"https:\/\/schema.org","@graph":[{"@type":"WebPage","@id":"https:\/\/kneesolution.com\/fr\/retour-et-remboursement\/","url":"https:\/\/kneesolution.com\/fr\/retour-et-remboursement\/","name":"Retour et remboursement - KneeSolution","isPartOf":{"@id":"https:\/\/kneesolution.com\/fr\/#website"},"datePublished":"2025-05-19T09:55:56+00:00","dateModified":"2025-11-16T16:38:15+00:00","description":"Retour et remboursement - Politique de retour flexible : 14 jours pour changer d'avis, frais de retour gratuits, remboursement sous 7 jours. Satisfaction du client garantie.","breadcrumb":{"@id":"https:\/\/kneesolution.com\/fr\/retour-et-remboursement\/#breadcrumb"},"inLanguage":"fr-FR","potentialAction":[{"@type":"ReadAction","target":["https:\/\/kneesolution.com\/fr\/retour-et-remboursement\/"]}]},{"@type":"BreadcrumbList","@id":"https:\/\/kneesolution.com\/fr\/retour-et-remboursement\/#breadcrumb","itemListElement":[{"@type":"ListItem","position":1,"name":"Accueil","item":"https:\/\/kneesolution.com\/fr\/"},{"@type":"ListItem","position":2,"name":"Retour et remboursement"}]},{"@type":"WebSite","@id":"https:\/\/kneesolution.com\/fr\/#website","url":"https:\/\/kneesolution.com\/fr\/","name":"KneeSolution","description":"Because Every Step Matters","publisher":{"@id":"https:\/\/kneesolution.com\/fr\/#organization"},"alternateName":"KneeSolution","potentialAction":[{"@type":"SearchAction","target":{"@type":"EntryPoint","urlTemplate":"https:\/\/kneesolution.com\/fr\/?s={search_term_string}"},"query-input":{"@type":"PropertyValueSpecification","valueRequired":true,"valueName":"search_term_string"}}],"inLanguage":"fr-FR"},{"@type":"Organization","@id":"https:\/\/kneesolution.com\/fr\/#organization","name":"GenouSolution","url":"https:\/\/kneesolution.com\/fr\/","logo":{"@type":"ImageObject","inLanguage":"fr-FR","@id":"https:\/\/kneesolution.com\/fr\/#\/schema\/logo\/image\/","url":"https:\/\/kneesolution.com\/wp-content\/uploads\/2025\/05\/Knee-Solutions.gif","contentUrl":"https:\/\/kneesolution.com\/wp-content\/uploads\/2025\/05\/Knee-Solutions.gif","width":445,"height":505,"caption":"GenouSolution"},"image":{"@id":"https:\/\/kneesolution.com\/fr\/#\/schema\/logo\/image\/"}}]}},"_links":{"self":[{"href":"https:\/\/kneesolution.com\/fr\/wp-json\/wp\/v2\/pages\/1487","targetHints":{"allow":["GET"]}}],"collection":[{"href":"https:\/\/kneesolution.com\/fr\/wp-json\/wp\/v2\/pages"}],"about":[{"href":"https:\/\/kneesolution.com\/fr\/wp-json\/wp\/v2\/types\/page"}],"author":[{"embeddable":true,"href":"https:\/\/kneesolution.com\/fr\/wp-json\/wp\/v2\/users\/2"}],"replies":[{"embeddable":true,"href":"https:\/\/kneesolution.com\/fr\/wp-json\/wp\/v2\/comments?post=1487"}],"version-history":[{"count":3,"href":"https:\/\/kneesolution.com\/fr\/wp-json\/wp\/v2\/pages\/1487\/revisions"}],"predecessor-version":[{"id":3276,"href":"https:\/\/kneesolution.com\/fr\/wp-json\/wp\/v2\/pages\/1487\/revisions\/3276"}],"wp:attachment":[{"href":"https:\/\/kneesolution.com\/fr\/wp-json\/wp\/v2\/media?parent=1487"}],"curies":[{"name":"wp","href":"https:\/\/api.w.org\/{rel}","templated":true}]}}