{"id":1489,"date":"2025-05-19T09:55:16","date_gmt":"2025-05-19T09:55:16","guid":{"rendered":"https:\/\/kneesolution.com\/expedition-et-livraison\/"},"modified":"2025-08-26T09:58:57","modified_gmt":"2025-08-26T09:58:57","slug":"expedition-et-livraison","status":"publish","type":"page","link":"https:\/\/kneesolution.com\/fr\/expedition-et-livraison\/","title":{"rendered":"Exp\u00e9dition et livraison"},"content":{"rendered":"\t\t<div data-elementor-type=\"wp-page\" data-elementor-id=\"1489\" class=\"elementor elementor-1489 elementor-956\" data-elementor-post-type=\"page\">\n\t\t\t\t<div class=\"wd-negative-gap elementor-element elementor-element-0bcfbf0 e-flex e-con-boxed e-con e-parent\" data-id=\"0bcfbf0\" data-element_type=\"container\" data-e-type=\"container\">\n\t\t\t\t\t<div class=\"e-con-inner\">\n\t\t\t\t<div class=\"elementor-element elementor-element-50507ef color-scheme-inherit text-left elementor-widget elementor-widget-text-editor\" data-id=\"50507ef\" data-element_type=\"widget\" data-e-type=\"widget\" data-widget_type=\"text-editor.default\">\n\t\t\t\t<div class=\"elementor-widget-container\">\n\t\t\t\t\t\t\t\t\t<p>Chez <strong>KneeSolution<\/strong>, nous nous engageons \u00e0 fournir une exp\u00e9rience d&rsquo;achat transparente \u00e0 nos clients en Europe. Cela inclut un processus d&rsquo;exp\u00e9dition fiable et efficace pour s&rsquo;assurer que les produits command\u00e9s vous parviennent le plus rapidement possible. Vous trouverez ci-dessous nos directives en mati\u00e8re d&rsquo;exp\u00e9dition :  <\/p><section><div><div><div><section><div><div><div><div><div><div><div><div data-testid=\"conversation-turn-3\"><div><div><div><div><div><div data-message-author-role=\"assistant\" data-message-id=\"96864158-4889-4d11-b743-8e5b783b0cb5\"><div><p><strong>1. Destinations d&rsquo;exp\u00e9dition :<\/strong> Nous exp\u00e9dions actuellement nos produits \u00e0 des adresses situ\u00e9es en Europe.<\/p><p><strong>2. Exp\u00e9dition :<\/strong> Nous comprenons l&rsquo;importance d&rsquo;une livraison rapide. Les commandes sont g\u00e9n\u00e9ralement trait\u00e9es dans un d\u00e9lai de 2 \u00e0 3 jours ouvrables \u00e0 compter de la date d&rsquo;achat. Veuillez pr\u00e9voir un d\u00e9lai suppl\u00e9mentaire pour les commandes pass\u00e9es pendant les vacances ou les p\u00e9riodes promotionnelles.  <\/p><p><strong>3. Frais d&rsquo;exp\u00e9dition :<\/strong> Les frais d&rsquo;exp\u00e9dition varient en fonction de la destination, du poids du colis et de la m\u00e9thode d&rsquo;exp\u00e9dition.<\/p><ul><li>Le prix moyen est de <strong>4\u20ac<\/strong> en Europe<\/li><li>et est gratuit si votre panier atteint <strong>20\u20ac<\/strong><\/li><\/ul><p>Les frais d&rsquo;exp\u00e9dition seront calcul\u00e9s au moment du paiement et vous aurez la possibilit\u00e9 de les v\u00e9rifier et de les approuver avant de terminer votre commande.<\/p><p><strong>4. Suivi de la commande :<\/strong> Lors de l&rsquo;exp\u00e9dition, vous recevrez un num\u00e9ro de suivi par courrier \u00e9lectronique, ce qui vous permettra de suivre l&rsquo;\u00e9tat et l&rsquo;avancement de votre commande.<\/p><p><strong>5. Droits de douane et d&rsquo;importation :<\/strong> Veuillez noter que vous \u00eates responsable des droits de douane ou d&rsquo;importation qui peuvent s&rsquo;appliquer \u00e0 votre commande. Ces frais peuvent varier en fonction du pays de destination. <\/p><p><strong>6. Livraisons retard\u00e9es ou manquantes :<\/strong> Bien que nous nous efforcions d&rsquo;offrir un service impeccable, nous ne pouvons pas toujours contr\u00f4ler les facteurs externes qui peuvent affecter les d\u00e9lais de livraison. Si votre commande est retard\u00e9e de mani\u00e8re significative ou si elle est manquante, veuillez contacter notre \u00e9quipe d&rsquo;assistance \u00e0 la client\u00e8le et nous travaillerons avec diligence pour r\u00e9soudre le probl\u00e8me. <\/p><p><strong>7. Exactitude de l&rsquo;adresse :<\/strong> il est essentiel de fournir des informations de livraison exactes. Nous ne pouvons \u00eatre tenus responsables des colis non livr\u00e9s en raison d&rsquo;adresses incorrectes ou incompl\u00e8tes. <\/p><p><strong>8. Retours et \u00e9changes :<\/strong> Pour plus d&rsquo;informations sur notre politique de retour et d&rsquo;\u00e9change, veuillez consulter notre page d\u00e9di\u00e9e aux retours et aux \u00e9changes.<\/p><p><strong>9. Nous contacter :<\/strong> Si vous avez des questions, des pr\u00e9occupations ou des demandes sp\u00e9ciales concernant l&rsquo;exp\u00e9dition, n&rsquo;h\u00e9sitez pas \u00e0 contacter notre \u00e9quipe d&rsquo;assistance \u00e0 la client\u00e8le \u00e0 l&rsquo;adresse suivante <a href=\"mailto:support@kneesolution.com\"><strong>support@kneesolution.com<\/strong><\/a><\/p><\/div><\/div><\/div><\/div><\/div><\/div><\/div><\/div><\/div><\/div><\/div><\/div><\/div><\/div><\/div><\/section><\/div><\/div><\/div><\/section>\t\t\t\t\t\t\t\t<\/div>\n\t\t\t\t<\/div>\n\t\t\t\t\t<\/div>\n\t\t\t\t<\/div>\n\t\t\t\t<\/div>\n\t\t","protected":false},"excerpt":{"rendered":"<p>Chez KneeSolution, nous nous engageons \u00e0 fournir une exp\u00e9rience d&rsquo;achat transparente \u00e0 nos clients en Europe. Cela inclut un processus<\/p>\n","protected":false},"author":2,"featured_media":0,"parent":0,"menu_order":0,"comment_status":"closed","ping_status":"closed","template":"elementor_header_footer","meta":{"footnotes":""},"class_list":["post-1489","page","type-page","status-publish","hentry"],"yoast_head":"<!-- This site is optimized with the Yoast SEO plugin v27.4 - https:\/\/yoast.com\/product\/yoast-seo-wordpress\/ -->\n<title>Exp\u00e9dition et livraison - KneeSolution<\/title>\n<meta name=\"description\" content=\"Livraison rapide sous 48 heures et gratuite \u00e0 partir de 20 \u20ac d&#039;achat. D\u00e9couvrez nos conditions de livraison.\" \/>\n<meta name=\"robots\" content=\"index, follow, max-snippet:-1, max-image-preview:large, max-video-preview:-1\" \/>\n<link rel=\"canonical\" href=\"https:\/\/kneesolution.com\/fr\/expedition-et-livraison\/\" \/>\n<meta property=\"og:locale\" content=\"fr_FR\" \/>\n<meta property=\"og:type\" content=\"article\" \/>\n<meta property=\"og:title\" content=\"Exp\u00e9dition et livraison - KneeSolution\" \/>\n<meta property=\"og:description\" content=\"Livraison rapide sous 48 heures et gratuite \u00e0 partir de 20 \u20ac d&#039;achat. D\u00e9couvrez nos conditions de livraison.\" \/>\n<meta property=\"og:url\" content=\"https:\/\/kneesolution.com\/fr\/expedition-et-livraison\/\" \/>\n<meta property=\"og:site_name\" content=\"KneeSolution\" \/>\n<meta property=\"article:modified_time\" content=\"2025-08-26T09:58:57+00:00\" \/>\n<meta property=\"og:image\" content=\"https:\/\/kneesolution.com\/wp-content\/uploads\/2025\/05\/Knee-Solutions.gif\" \/>\n\t<meta property=\"og:image:width\" content=\"445\" \/>\n\t<meta property=\"og:image:height\" content=\"505\" \/>\n\t<meta property=\"og:image:type\" content=\"image\/gif\" \/>\n<meta name=\"twitter:card\" content=\"summary_large_image\" \/>\n<meta name=\"twitter:label1\" content=\"Dur\u00e9e de lecture estim\u00e9e\" \/>\n\t<meta name=\"twitter:data1\" content=\"2 minutes\" \/>\n<script type=\"application\/ld+json\" class=\"yoast-schema-graph\">{\"@context\":\"https:\\\/\\\/schema.org\",\"@graph\":[{\"@type\":\"WebPage\",\"@id\":\"https:\\\/\\\/kneesolution.com\\\/fr\\\/expedition-et-livraison\\\/\",\"url\":\"https:\\\/\\\/kneesolution.com\\\/fr\\\/expedition-et-livraison\\\/\",\"name\":\"Exp\u00e9dition et livraison - KneeSolution\",\"isPartOf\":{\"@id\":\"https:\\\/\\\/kneesolution.com\\\/fr\\\/#website\"},\"datePublished\":\"2025-05-19T09:55:16+00:00\",\"dateModified\":\"2025-08-26T09:58:57+00:00\",\"description\":\"Livraison rapide sous 48 heures et gratuite \u00e0 partir de 20 \u20ac d'achat. D\u00e9couvrez nos conditions de livraison.\",\"breadcrumb\":{\"@id\":\"https:\\\/\\\/kneesolution.com\\\/fr\\\/expedition-et-livraison\\\/#breadcrumb\"},\"inLanguage\":\"fr-FR\",\"potentialAction\":[{\"@type\":\"ReadAction\",\"target\":[\"https:\\\/\\\/kneesolution.com\\\/fr\\\/expedition-et-livraison\\\/\"]}]},{\"@type\":\"BreadcrumbList\",\"@id\":\"https:\\\/\\\/kneesolution.com\\\/fr\\\/expedition-et-livraison\\\/#breadcrumb\",\"itemListElement\":[{\"@type\":\"ListItem\",\"position\":1,\"name\":\"Accueil\",\"item\":\"https:\\\/\\\/kneesolution.com\\\/fr\\\/\"},{\"@type\":\"ListItem\",\"position\":2,\"name\":\"Exp\u00e9dition et livraison\"}]},{\"@type\":\"WebSite\",\"@id\":\"https:\\\/\\\/kneesolution.com\\\/fr\\\/#website\",\"url\":\"https:\\\/\\\/kneesolution.com\\\/fr\\\/\",\"name\":\"KneeSolution\",\"description\":\"Because Every Step Matters\",\"publisher\":{\"@id\":\"https:\\\/\\\/kneesolution.com\\\/fr\\\/#organization\"},\"alternateName\":\"KneeSolution\",\"potentialAction\":[{\"@type\":\"SearchAction\",\"target\":{\"@type\":\"EntryPoint\",\"urlTemplate\":\"https:\\\/\\\/kneesolution.com\\\/fr\\\/?s={search_term_string}\"},\"query-input\":{\"@type\":\"PropertyValueSpecification\",\"valueRequired\":true,\"valueName\":\"search_term_string\"}}],\"inLanguage\":\"fr-FR\"},{\"@type\":\"Organization\",\"@id\":\"https:\\\/\\\/kneesolution.com\\\/fr\\\/#organization\",\"name\":\"GenouSolution\",\"url\":\"https:\\\/\\\/kneesolution.com\\\/fr\\\/\",\"logo\":{\"@type\":\"ImageObject\",\"inLanguage\":\"fr-FR\",\"@id\":\"https:\\\/\\\/kneesolution.com\\\/fr\\\/#\\\/schema\\\/logo\\\/image\\\/\",\"url\":\"https:\\\/\\\/kneesolution.com\\\/wp-content\\\/uploads\\\/2025\\\/05\\\/Knee-Solutions.gif\",\"contentUrl\":\"https:\\\/\\\/kneesolution.com\\\/wp-content\\\/uploads\\\/2025\\\/05\\\/Knee-Solutions.gif\",\"width\":445,\"height\":505,\"caption\":\"GenouSolution\"},\"image\":{\"@id\":\"https:\\\/\\\/kneesolution.com\\\/fr\\\/#\\\/schema\\\/logo\\\/image\\\/\"}}]}<\/script>\n<!-- \/ Yoast SEO plugin. -->","yoast_head_json":{"title":"Exp\u00e9dition et livraison - KneeSolution","description":"Livraison rapide sous 48 heures et gratuite \u00e0 partir de 20 \u20ac d'achat. D\u00e9couvrez nos conditions de livraison.","robots":{"index":"index","follow":"follow","max-snippet":"max-snippet:-1","max-image-preview":"max-image-preview:large","max-video-preview":"max-video-preview:-1"},"canonical":"https:\/\/kneesolution.com\/fr\/expedition-et-livraison\/","og_locale":"fr_FR","og_type":"article","og_title":"Exp\u00e9dition et livraison - KneeSolution","og_description":"Livraison rapide sous 48 heures et gratuite \u00e0 partir de 20 \u20ac d'achat. D\u00e9couvrez nos conditions de livraison.","og_url":"https:\/\/kneesolution.com\/fr\/expedition-et-livraison\/","og_site_name":"KneeSolution","article_modified_time":"2025-08-26T09:58:57+00:00","og_image":[{"width":445,"height":505,"url":"https:\/\/kneesolution.com\/wp-content\/uploads\/2025\/05\/Knee-Solutions.gif","type":"image\/gif"}],"twitter_card":"summary_large_image","twitter_misc":{"Dur\u00e9e de lecture estim\u00e9e":"2 minutes"},"schema":{"@context":"https:\/\/schema.org","@graph":[{"@type":"WebPage","@id":"https:\/\/kneesolution.com\/fr\/expedition-et-livraison\/","url":"https:\/\/kneesolution.com\/fr\/expedition-et-livraison\/","name":"Exp\u00e9dition et livraison - KneeSolution","isPartOf":{"@id":"https:\/\/kneesolution.com\/fr\/#website"},"datePublished":"2025-05-19T09:55:16+00:00","dateModified":"2025-08-26T09:58:57+00:00","description":"Livraison rapide sous 48 heures et gratuite \u00e0 partir de 20 \u20ac d'achat. D\u00e9couvrez nos conditions de livraison.","breadcrumb":{"@id":"https:\/\/kneesolution.com\/fr\/expedition-et-livraison\/#breadcrumb"},"inLanguage":"fr-FR","potentialAction":[{"@type":"ReadAction","target":["https:\/\/kneesolution.com\/fr\/expedition-et-livraison\/"]}]},{"@type":"BreadcrumbList","@id":"https:\/\/kneesolution.com\/fr\/expedition-et-livraison\/#breadcrumb","itemListElement":[{"@type":"ListItem","position":1,"name":"Accueil","item":"https:\/\/kneesolution.com\/fr\/"},{"@type":"ListItem","position":2,"name":"Exp\u00e9dition et livraison"}]},{"@type":"WebSite","@id":"https:\/\/kneesolution.com\/fr\/#website","url":"https:\/\/kneesolution.com\/fr\/","name":"KneeSolution","description":"Because Every Step Matters","publisher":{"@id":"https:\/\/kneesolution.com\/fr\/#organization"},"alternateName":"KneeSolution","potentialAction":[{"@type":"SearchAction","target":{"@type":"EntryPoint","urlTemplate":"https:\/\/kneesolution.com\/fr\/?s={search_term_string}"},"query-input":{"@type":"PropertyValueSpecification","valueRequired":true,"valueName":"search_term_string"}}],"inLanguage":"fr-FR"},{"@type":"Organization","@id":"https:\/\/kneesolution.com\/fr\/#organization","name":"GenouSolution","url":"https:\/\/kneesolution.com\/fr\/","logo":{"@type":"ImageObject","inLanguage":"fr-FR","@id":"https:\/\/kneesolution.com\/fr\/#\/schema\/logo\/image\/","url":"https:\/\/kneesolution.com\/wp-content\/uploads\/2025\/05\/Knee-Solutions.gif","contentUrl":"https:\/\/kneesolution.com\/wp-content\/uploads\/2025\/05\/Knee-Solutions.gif","width":445,"height":505,"caption":"GenouSolution"},"image":{"@id":"https:\/\/kneesolution.com\/fr\/#\/schema\/logo\/image\/"}}]}},"_links":{"self":[{"href":"https:\/\/kneesolution.com\/fr\/wp-json\/wp\/v2\/pages\/1489","targetHints":{"allow":["GET"]}}],"collection":[{"href":"https:\/\/kneesolution.com\/fr\/wp-json\/wp\/v2\/pages"}],"about":[{"href":"https:\/\/kneesolution.com\/fr\/wp-json\/wp\/v2\/types\/page"}],"author":[{"embeddable":true,"href":"https:\/\/kneesolution.com\/fr\/wp-json\/wp\/v2\/users\/2"}],"replies":[{"embeddable":true,"href":"https:\/\/kneesolution.com\/fr\/wp-json\/wp\/v2\/comments?post=1489"}],"version-history":[{"count":2,"href":"https:\/\/kneesolution.com\/fr\/wp-json\/wp\/v2\/pages\/1489\/revisions"}],"predecessor-version":[{"id":2937,"href":"https:\/\/kneesolution.com\/fr\/wp-json\/wp\/v2\/pages\/1489\/revisions\/2937"}],"wp:attachment":[{"href":"https:\/\/kneesolution.com\/fr\/wp-json\/wp\/v2\/media?parent=1489"}],"curies":[{"name":"wp","href":"https:\/\/api.w.org\/{rel}","templated":true}]}}