{"id":1491,"date":"2025-05-19T09:57:35","date_gmt":"2025-05-19T09:57:35","guid":{"rendered":"https:\/\/kneesolution.com\/conditions-generales-dutilisation\/"},"modified":"2025-06-02T17:21:41","modified_gmt":"2025-06-02T17:21:41","slug":"conditions-generales-dutilisation","status":"publish","type":"page","link":"https:\/\/kneesolution.com\/fr\/conditions-generales-dutilisation\/","title":{"rendered":"Conditions g\u00e9n\u00e9rales d&rsquo;utilisation"},"content":{"rendered":"\t\t<div data-elementor-type=\"wp-page\" data-elementor-id=\"1491\" class=\"elementor elementor-1491 elementor-963\" data-elementor-post-type=\"page\">\n\t\t\t\t<div class=\"wd-negative-gap elementor-element elementor-element-d1fe2d6 e-flex e-con-boxed e-con e-parent\" data-id=\"d1fe2d6\" data-element_type=\"container\" data-e-type=\"container\">\n\t\t\t\t\t<div class=\"e-con-inner\">\n\t\t\t\t<div class=\"elementor-element elementor-element-8a45d6a color-scheme-inherit text-left elementor-widget elementor-widget-text-editor\" data-id=\"8a45d6a\" data-element_type=\"widget\" data-e-type=\"widget\" data-widget_type=\"text-editor.default\">\n\t\t\t\t<div class=\"elementor-widget-container\">\n\t\t\t\t\t\t\t\t\t<h3><strong>Retours<\/strong><\/h3><p>Vous avez le droit de retourner le produit dans les 14 jours suivant votre achat. Pass\u00e9 ce d\u00e9lai, nous ne pouvons pas vous proposer de remboursement ou d&rsquo;\u00e9change. Pour pouvoir \u00eatre retourn\u00e9, votre article doit \u00eatre inutilis\u00e9 et dans le m\u00eame \u00e9tat que celui dans lequel vous l&rsquo;avez re\u00e7u. Il doit \u00e9galement se trouver dans son emballage d&rsquo;origine, avec toutes les \u00e9tiquettes.   <\/p><p>Seuls les articles \u00e0 prix normal peuvent \u00eatre retourn\u00e9s. Les articles sold\u00e9s ne peuvent malheureusement pas \u00eatre retourn\u00e9s. Pour effectuer votre retour, nous avons besoin d&rsquo;une preuve d&rsquo;achat. Veuillez ne pas renvoyer votre achat au fabricant.    <\/p><p>Plusieurs types de marchandises ne peuvent pas \u00eatre retourn\u00e9s. Les produits p\u00e9rissables tels que les aliments ou les magazines ne peuvent pas \u00eatre retourn\u00e9s. Nous n&rsquo;acceptons pas non plus le retour de produits de soins personnels, de nettoyage ou de toilettage.  <\/p><h5><strong>Num\u00e9ros d&rsquo;autorisation de retour<\/strong><\/h5><p>Pour retourner un article, quelle qu&rsquo;en soit la raison, vous devez d&rsquo;abord obtenir un num\u00e9ro d&rsquo;autorisation de retour officiel. Aucun retour ne sera accept\u00e9 sans num\u00e9ro d&rsquo;autorisation de retour. <\/p><p>Pour demander un num\u00e9ro d&rsquo;autorisation de retour pour un article que vous avez achet\u00e9 au cours des 14 derniers jours, veuillez nous envoyer un courriel \u00e0 l&rsquo;adresse suivante<a href=\"mailto:support@kneesolution.com\"><strong> support@kneesolution.com<\/strong><\/a> en indiquant votre num\u00e9ro de commande et le motif du retour.<\/p><p>Veuillez indiquer le num\u00e9ro d&rsquo;autorisation de retour sur l&rsquo;ext\u00e9rieur du colis que vous retournez et\/ou sur la facture jointe \u00e0 votre commande initiale. Cela permettra d&rsquo;acc\u00e9l\u00e9rer le processus de retour et d&rsquo;\u00e9change. TOUS LES RETOURS DOIVENT \u00caTRE RE\u00c7US DANS LES 14 JOURS SUIVANT LA DATE D&rsquo;\u00c9MISSION DE L&rsquo;AUTORISATION DE RETOUR.  <\/p><h5><strong>Remboursements, \u00e9changes et retours de marchandises<\/strong><\/h5><p>Tous les retours doivent \u00eatre re\u00e7us dans les 14 jours suivant la date d&rsquo;\u00e9mission de l&rsquo;autorisation de retour (c&rsquo;est-\u00e0-dire le jour o\u00f9 nous vous avons envoy\u00e9 un num\u00e9ro d&rsquo;autorisation de retour par courrier \u00e9lectronique). Une fois votre retour re\u00e7u et inspect\u00e9, nous vous enverrons un courrier \u00e9lectronique pour vous informer que nous avons re\u00e7u votre article retourn\u00e9, et nous vous informerons \u00e9galement de l&rsquo;approbation ou du rejet de votre remboursement. Si votre demande est accept\u00e9e, votre remboursement sera trait\u00e9 et un cr\u00e9dit sera automatiquement appliqu\u00e9 \u00e0 votre carte de cr\u00e9dit ou \u00e0 votre mode de paiement initial, dans un d\u00e9lai de quelques jours.    <\/p><p>Un remboursement partiel peut \u00eatre accord\u00e9 lorsqu&rsquo;un article n&rsquo;est pas retourn\u00e9 dans son \u00e9tat d&rsquo;origine, qu&rsquo;il est endommag\u00e9 ou qu&rsquo;il manque des pi\u00e8ces pour des raisons qui ne sont pas dues \u00e0 notre erreur, ou qu&rsquo;il est retourn\u00e9 plus de 14 jours apr\u00e8s la livraison.<\/p><p>Nous ne pouvons \u00e9changer ou remplacer les articles que s&rsquo;ils sont d\u00e9fectueux ou s&rsquo;ils ont \u00e9t\u00e9 re\u00e7us avec un dommage. Si vous souhaitez l&rsquo;\u00e9changer contre le m\u00eame article, envoyez-nous un courriel \u00e0 <strong><a href=\"mailto:support@kneesolution.com\">support@kneesolution.com.<\/a><\/strong> <\/p><p>Veuillez noter que nous n&rsquo;acceptons pas les retours d&rsquo;articles p\u00e9rissables tels que la nourriture ou les friandises, les lits, les produits de soins personnels, de toilettage ou de nettoyage.<\/p><p>Il vous incombe de payer vos propres frais d&rsquo;exp\u00e9dition pour le retour de votre article. Les frais d&rsquo;exp\u00e9dition ne sont pas remboursables, ni les frais d&rsquo;exp\u00e9dition initiaux, ni les frais d&rsquo;exp\u00e9dition de retour ne seront rembours\u00e9s. Nous vous recommandons vivement d&rsquo;utiliser un service d&rsquo;exp\u00e9dition avec suivi ou de souscrire une assurance d&rsquo;exp\u00e9dition. Malheureusement, nous ne pouvons pas garantir que nous recevrons l&rsquo;article retourn\u00e9 et nous ne pouvons pas \u00eatre responsables du remboursement des articles perdus pendant le transport.   <\/p><h5><strong>Informations compl\u00e9mentaires<\/strong><\/h5><p>KneeSolution se r\u00e9serve le droit de modifier toute information, y compris, mais sans s&rsquo;y limiter, les prix, les sp\u00e9cifications techniques, les conditions d&rsquo;achat et les offres de produits sans pr\u00e9avis. Si un produit est \u00e9puis\u00e9, KneeSolution a le droit d&rsquo;annuler la commande et de rembourser tout montant pay\u00e9 par le biais du mode de paiement original ou d&rsquo;un cr\u00e9dit en magasin. KneeSolution informera \u00e9galement le client des produits de remplacement \u00e9quivalents s&rsquo;ils sont disponibles.  <\/p><p>Toutes les demandes de renseignements : <strong><a href=\"mailto:support@kneesolution.com\">support@kneesolution.com.<\/a><\/strong><\/p><h5><strong>Imp\u00f4ts locaux<\/strong><\/h5><p>Veuillez noter que des frais locaux (taxe de vente, droits de douane) peuvent s&rsquo;appliquer, en fonction de votre r\u00e9gion et des droits de douane locaux. Ces frais sont \u00e0 la charge du client. <\/p><h5><strong>Paiement<\/strong><\/h5><p>Les produits demeurent la propri\u00e9t\u00e9 de KneeSolution jusqu&rsquo;au paiement int\u00e9gral du prix. Le prix applicable est celui fix\u00e9 \u00e0 la date \u00e0 laquelle vous passez votre commande. Les frais d&rsquo;exp\u00e9dition et de paiement sont comptabilis\u00e9s avant la confirmation de l&rsquo;achat. Si vous avez moins de 18 ans, vous devez avoir l&rsquo;autorisation de vos parents pour acheter chez KneeSolution.   <\/p><p>Tous les transferts effectu\u00e9s par l&rsquo;interm\u00e9diaire de KneeSolution sont trait\u00e9s par des passerelles tierces d\u00e9di\u00e9es afin de garantir votre protection. Les informations relatives aux cartes ne sont pas stock\u00e9es et toutes les informations relatives aux cartes sont trait\u00e9es par cryptage SSL. Veuillez lire les termes et conditions de la passerelle de paiement choisie pour la transaction car ils sont responsables des transactions effectu\u00e9es.  <\/p><h5><strong>Informations personnelles<\/strong><\/h5><p>Toutes les informations personnelles que vous nous fournissez ou que nous obtenons seront trait\u00e9es par KneeSolution en tant que responsable des informations personnelles. Les informations personnelles que vous fournissez seront utilis\u00e9es pour assurer les livraisons, l&rsquo;\u00e9valuation du cr\u00e9dit, pour vous fournir des offres et des informations sur notre catalogue. Les informations que vous fournissez sont uniquement disponibles pour KneeSolution et ne seront pas partag\u00e9es avec d&rsquo;autres tiers. Vous avez le droit de consulter les informations d\u00e9tenues \u00e0 votre sujet. Vous avez toujours le droit de demander \u00e0 KneeSolution de supprimer ou de corriger les informations d\u00e9tenues \u00e0 votre sujet. En acceptant les conditions de KneeSolution, vous acceptez ce qui pr\u00e9c\u00e8de.<\/p><h5><strong>Cookies<\/strong><\/h5><p>KneeSolution utilise des cookies conform\u00e9ment \u00e0 la nouvelle loi sur les communications \u00e9lectroniques, entr\u00e9e en vigueur le 25 juillet 2003. Un cookie est un petit fichier texte stock\u00e9 sur votre ordinateur qui contient des informations permettant au site web d&rsquo;identifier et de suivre le visiteur. Les cookies ne nuisent pas \u00e0 votre ordinateur, ne consistent qu&rsquo;en du texte, ne peuvent pas contenir de virus et n&rsquo;occupent pratiquement pas d&rsquo;espace sur votre disque dur. Il existe deux types de cookies : les \u00ab\u00a0cookies de session\u00a0\u00bb et les cookies qui sont enregistr\u00e9s de mani\u00e8re permanente sur votre ordinateur.<\/p><p>Le premier type de cookie couramment utilis\u00e9 est le \u00ab\u00a0cookie de session\u00a0\u00bb. Lorsque vous visitez le site web, notre serveur web attribue \u00e0 votre navigateur une cha\u00eene d&rsquo;identification unique afin de ne pas vous confondre avec d&rsquo;autres visiteurs. Un \u00ab\u00a0cookie de session\u00a0\u00bb n&rsquo;est jamais stock\u00e9 de mani\u00e8re permanente sur votre ordinateur et dispara\u00eet lorsque vous fermez votre navigateur. Pour utiliser KneeSolution sans probl\u00e8me, les cookies doivent \u00eatre activ\u00e9s.<\/p><p>Le second type de cookie enregistre un fichier de mani\u00e8re permanente sur votre ordinateur. Ce type de cookie est utilis\u00e9 pour suivre la fa\u00e7on dont les visiteurs se d\u00e9placent sur le site web. Cette information n&rsquo;est utilis\u00e9e que pour offrir aux visiteurs de meilleurs services et une meilleure assistance. Les fichiers texte peuvent \u00eatre supprim\u00e9s. Sur KneeSolution, nous utilisons ce type de cookie pour garder une trace de votre panier d&rsquo;achat et pour garder des statistiques sur nos visiteurs. L&rsquo;information stock\u00e9e sur votre ordinateur n&rsquo;est qu&rsquo;un num\u00e9ro unique, sans aucun lien avec des informations personnelles.<\/p>\t\t\t\t\t\t\t\t<\/div>\n\t\t\t\t<\/div>\n\t\t\t\t\t<\/div>\n\t\t\t\t<\/div>\n\t\t\t\t<\/div>\n\t\t","protected":false},"excerpt":{"rendered":"<p>Retours Vous avez le droit de retourner le produit dans les 14 jours suivant votre achat. Pass\u00e9 ce d\u00e9lai, nous<\/p>\n","protected":false},"author":2,"featured_media":0,"parent":0,"menu_order":0,"comment_status":"closed","ping_status":"closed","template":"elementor_header_footer","meta":{"footnotes":""},"class_list":["post-1491","page","type-page","status-publish","hentry"],"yoast_head":"<!-- This site is optimized with the Yoast SEO plugin v27.4 - https:\/\/yoast.com\/product\/yoast-seo-wordpress\/ -->\n<title>Conditions g\u00e9n\u00e9rales d&#039;utilisation - KneeSolution<\/title>\n<meta name=\"description\" content=\"Consultez nos conditions g\u00e9n\u00e9rales de vente : modalit\u00e9s de commande, livraison, garanties et responsabilit\u00e9s. Achat en toute transparence et s\u00e9curit\u00e9.\" \/>\n<meta name=\"robots\" content=\"index, follow, max-snippet:-1, max-image-preview:large, max-video-preview:-1\" \/>\n<link rel=\"canonical\" href=\"https:\/\/kneesolution.com\/fr\/conditions-generales-dutilisation\/\" \/>\n<meta property=\"og:locale\" content=\"fr_FR\" \/>\n<meta property=\"og:type\" content=\"article\" \/>\n<meta property=\"og:title\" content=\"Conditions g\u00e9n\u00e9rales d&#039;utilisation - KneeSolution\" \/>\n<meta property=\"og:description\" content=\"Consultez nos conditions g\u00e9n\u00e9rales de vente : modalit\u00e9s de commande, livraison, garanties et responsabilit\u00e9s. Achat en toute transparence et s\u00e9curit\u00e9.\" \/>\n<meta property=\"og:url\" content=\"https:\/\/kneesolution.com\/fr\/conditions-generales-dutilisation\/\" \/>\n<meta property=\"og:site_name\" content=\"KneeSolution\" \/>\n<meta property=\"article:modified_time\" content=\"2025-06-02T17:21:41+00:00\" \/>\n<meta property=\"og:image\" content=\"https:\/\/kneesolution.com\/wp-content\/uploads\/2025\/05\/Knee-Solutions.gif\" \/>\n\t<meta property=\"og:image:width\" content=\"445\" \/>\n\t<meta property=\"og:image:height\" content=\"505\" \/>\n\t<meta property=\"og:image:type\" content=\"image\/gif\" \/>\n<meta name=\"twitter:card\" content=\"summary_large_image\" \/>\n<meta name=\"twitter:label1\" content=\"Dur\u00e9e de lecture estim\u00e9e\" \/>\n\t<meta name=\"twitter:data1\" content=\"6 minutes\" \/>\n<script type=\"application\/ld+json\" class=\"yoast-schema-graph\">{\"@context\":\"https:\\\/\\\/schema.org\",\"@graph\":[{\"@type\":\"WebPage\",\"@id\":\"https:\\\/\\\/kneesolution.com\\\/fr\\\/conditions-generales-dutilisation\\\/\",\"url\":\"https:\\\/\\\/kneesolution.com\\\/fr\\\/conditions-generales-dutilisation\\\/\",\"name\":\"Conditions g\u00e9n\u00e9rales d'utilisation - KneeSolution\",\"isPartOf\":{\"@id\":\"https:\\\/\\\/kneesolution.com\\\/fr\\\/#website\"},\"datePublished\":\"2025-05-19T09:57:35+00:00\",\"dateModified\":\"2025-06-02T17:21:41+00:00\",\"description\":\"Consultez nos conditions g\u00e9n\u00e9rales de vente : modalit\u00e9s de commande, livraison, garanties et responsabilit\u00e9s. Achat en toute transparence et s\u00e9curit\u00e9.\",\"breadcrumb\":{\"@id\":\"https:\\\/\\\/kneesolution.com\\\/fr\\\/conditions-generales-dutilisation\\\/#breadcrumb\"},\"inLanguage\":\"fr-FR\",\"potentialAction\":[{\"@type\":\"ReadAction\",\"target\":[\"https:\\\/\\\/kneesolution.com\\\/fr\\\/conditions-generales-dutilisation\\\/\"]}]},{\"@type\":\"BreadcrumbList\",\"@id\":\"https:\\\/\\\/kneesolution.com\\\/fr\\\/conditions-generales-dutilisation\\\/#breadcrumb\",\"itemListElement\":[{\"@type\":\"ListItem\",\"position\":1,\"name\":\"Accueil\",\"item\":\"https:\\\/\\\/kneesolution.com\\\/fr\\\/\"},{\"@type\":\"ListItem\",\"position\":2,\"name\":\"Conditions g\u00e9n\u00e9rales d&#8217;utilisation\"}]},{\"@type\":\"WebSite\",\"@id\":\"https:\\\/\\\/kneesolution.com\\\/fr\\\/#website\",\"url\":\"https:\\\/\\\/kneesolution.com\\\/fr\\\/\",\"name\":\"KneeSolution\",\"description\":\"Because Every Step Matters\",\"publisher\":{\"@id\":\"https:\\\/\\\/kneesolution.com\\\/fr\\\/#organization\"},\"alternateName\":\"KneeSolution\",\"potentialAction\":[{\"@type\":\"SearchAction\",\"target\":{\"@type\":\"EntryPoint\",\"urlTemplate\":\"https:\\\/\\\/kneesolution.com\\\/fr\\\/?s={search_term_string}\"},\"query-input\":{\"@type\":\"PropertyValueSpecification\",\"valueRequired\":true,\"valueName\":\"search_term_string\"}}],\"inLanguage\":\"fr-FR\"},{\"@type\":\"Organization\",\"@id\":\"https:\\\/\\\/kneesolution.com\\\/fr\\\/#organization\",\"name\":\"GenouSolution\",\"url\":\"https:\\\/\\\/kneesolution.com\\\/fr\\\/\",\"logo\":{\"@type\":\"ImageObject\",\"inLanguage\":\"fr-FR\",\"@id\":\"https:\\\/\\\/kneesolution.com\\\/fr\\\/#\\\/schema\\\/logo\\\/image\\\/\",\"url\":\"https:\\\/\\\/kneesolution.com\\\/wp-content\\\/uploads\\\/2025\\\/05\\\/Knee-Solutions.gif\",\"contentUrl\":\"https:\\\/\\\/kneesolution.com\\\/wp-content\\\/uploads\\\/2025\\\/05\\\/Knee-Solutions.gif\",\"width\":445,\"height\":505,\"caption\":\"GenouSolution\"},\"image\":{\"@id\":\"https:\\\/\\\/kneesolution.com\\\/fr\\\/#\\\/schema\\\/logo\\\/image\\\/\"}}]}<\/script>\n<!-- \/ Yoast SEO plugin. -->","yoast_head_json":{"title":"Conditions g\u00e9n\u00e9rales d'utilisation - KneeSolution","description":"Consultez nos conditions g\u00e9n\u00e9rales de vente : modalit\u00e9s de commande, livraison, garanties et responsabilit\u00e9s. Achat en toute transparence et s\u00e9curit\u00e9.","robots":{"index":"index","follow":"follow","max-snippet":"max-snippet:-1","max-image-preview":"max-image-preview:large","max-video-preview":"max-video-preview:-1"},"canonical":"https:\/\/kneesolution.com\/fr\/conditions-generales-dutilisation\/","og_locale":"fr_FR","og_type":"article","og_title":"Conditions g\u00e9n\u00e9rales d'utilisation - KneeSolution","og_description":"Consultez nos conditions g\u00e9n\u00e9rales de vente : modalit\u00e9s de commande, livraison, garanties et responsabilit\u00e9s. Achat en toute transparence et s\u00e9curit\u00e9.","og_url":"https:\/\/kneesolution.com\/fr\/conditions-generales-dutilisation\/","og_site_name":"KneeSolution","article_modified_time":"2025-06-02T17:21:41+00:00","og_image":[{"width":445,"height":505,"url":"https:\/\/kneesolution.com\/wp-content\/uploads\/2025\/05\/Knee-Solutions.gif","type":"image\/gif"}],"twitter_card":"summary_large_image","twitter_misc":{"Dur\u00e9e de lecture estim\u00e9e":"6 minutes"},"schema":{"@context":"https:\/\/schema.org","@graph":[{"@type":"WebPage","@id":"https:\/\/kneesolution.com\/fr\/conditions-generales-dutilisation\/","url":"https:\/\/kneesolution.com\/fr\/conditions-generales-dutilisation\/","name":"Conditions g\u00e9n\u00e9rales d'utilisation - KneeSolution","isPartOf":{"@id":"https:\/\/kneesolution.com\/fr\/#website"},"datePublished":"2025-05-19T09:57:35+00:00","dateModified":"2025-06-02T17:21:41+00:00","description":"Consultez nos conditions g\u00e9n\u00e9rales de vente : modalit\u00e9s de commande, livraison, garanties et responsabilit\u00e9s. Achat en toute transparence et s\u00e9curit\u00e9.","breadcrumb":{"@id":"https:\/\/kneesolution.com\/fr\/conditions-generales-dutilisation\/#breadcrumb"},"inLanguage":"fr-FR","potentialAction":[{"@type":"ReadAction","target":["https:\/\/kneesolution.com\/fr\/conditions-generales-dutilisation\/"]}]},{"@type":"BreadcrumbList","@id":"https:\/\/kneesolution.com\/fr\/conditions-generales-dutilisation\/#breadcrumb","itemListElement":[{"@type":"ListItem","position":1,"name":"Accueil","item":"https:\/\/kneesolution.com\/fr\/"},{"@type":"ListItem","position":2,"name":"Conditions g\u00e9n\u00e9rales d&#8217;utilisation"}]},{"@type":"WebSite","@id":"https:\/\/kneesolution.com\/fr\/#website","url":"https:\/\/kneesolution.com\/fr\/","name":"KneeSolution","description":"Because Every Step Matters","publisher":{"@id":"https:\/\/kneesolution.com\/fr\/#organization"},"alternateName":"KneeSolution","potentialAction":[{"@type":"SearchAction","target":{"@type":"EntryPoint","urlTemplate":"https:\/\/kneesolution.com\/fr\/?s={search_term_string}"},"query-input":{"@type":"PropertyValueSpecification","valueRequired":true,"valueName":"search_term_string"}}],"inLanguage":"fr-FR"},{"@type":"Organization","@id":"https:\/\/kneesolution.com\/fr\/#organization","name":"GenouSolution","url":"https:\/\/kneesolution.com\/fr\/","logo":{"@type":"ImageObject","inLanguage":"fr-FR","@id":"https:\/\/kneesolution.com\/fr\/#\/schema\/logo\/image\/","url":"https:\/\/kneesolution.com\/wp-content\/uploads\/2025\/05\/Knee-Solutions.gif","contentUrl":"https:\/\/kneesolution.com\/wp-content\/uploads\/2025\/05\/Knee-Solutions.gif","width":445,"height":505,"caption":"GenouSolution"},"image":{"@id":"https:\/\/kneesolution.com\/fr\/#\/schema\/logo\/image\/"}}]}},"_links":{"self":[{"href":"https:\/\/kneesolution.com\/fr\/wp-json\/wp\/v2\/pages\/1491","targetHints":{"allow":["GET"]}}],"collection":[{"href":"https:\/\/kneesolution.com\/fr\/wp-json\/wp\/v2\/pages"}],"about":[{"href":"https:\/\/kneesolution.com\/fr\/wp-json\/wp\/v2\/types\/page"}],"author":[{"embeddable":true,"href":"https:\/\/kneesolution.com\/fr\/wp-json\/wp\/v2\/users\/2"}],"replies":[{"embeddable":true,"href":"https:\/\/kneesolution.com\/fr\/wp-json\/wp\/v2\/comments?post=1491"}],"version-history":[{"count":2,"href":"https:\/\/kneesolution.com\/fr\/wp-json\/wp\/v2\/pages\/1491\/revisions"}],"predecessor-version":[{"id":3061,"href":"https:\/\/kneesolution.com\/fr\/wp-json\/wp\/v2\/pages\/1491\/revisions\/3061"}],"wp:attachment":[{"href":"https:\/\/kneesolution.com\/fr\/wp-json\/wp\/v2\/media?parent=1491"}],"curies":[{"name":"wp","href":"https:\/\/api.w.org\/{rel}","templated":true}]}}