{"id":1554,"date":"2025-05-19T07:33:54","date_gmt":"2025-05-19T07:33:54","guid":{"rendered":"https:\/\/kneesolution.com\/product\/manchon-de-soutien-a-la-compression-de-la-cuisse\/"},"modified":"2026-05-04T20:28:28","modified_gmt":"2026-05-04T20:28:28","slug":"manchon-de-soutien-a-la-compression-de-la-cuisse","status":"publish","type":"product","link":"https:\/\/kneesolution.com\/fr\/produit\/manchon-de-soutien-a-la-compression-de-la-cuisse\/","title":{"rendered":"Manchon de compression pour la cuisse - Stabilisation musculaire et confort - Pour la course \u00e0 pied, le cyclisme et le sport"},"content":{"rendered":"<h1>\ud83d\udd25fournit un soutien musculaire cibl\u00e9 pour les quadriceps, les ischio-jambiers et les adducteurs, r\u00e9duit les vibrations musculaires, acc\u00e9l\u00e8re la r\u00e9cup\u00e9ration apr\u00e8s l&rsquo;entra\u00eenement.<\/h1>\n<p>Optimisez vos performances avec ce manchon de compression des cuisses. Con\u00e7u pour les sportifs actifs. <\/p>\n<h2><strong>Vos avantages concrets :<\/strong><\/h2>\n<ul>\n<li>\n<h2>\u2705R\u00e9duit les<span style=\"color: #333333; font-size: 16px;\">vibrations musculaires pendant l&rsquo;exercice<\/span><\/h2>\n<\/li>\n<li>\n<h2>\u2705Imprime la<span style=\"color: #333333; font-size: 16px;\">stabilit\u00e9 des cuisses lors de mouvements intenses<\/span><\/h2>\n<\/li>\n<li>\n<h2>\u2705Promouvoir la<span style=\"color: #333333; font-size: 16px;\">circulation sanguine pour une meilleure oxyg\u00e9nation<\/span><\/h2>\n<\/li>\n<li>\n<h2>\u2705Reste<span style=\"color: #333333; font-size: 16px;\">en place sans glisser gr\u00e2ce \u00e0 sa forme anatomique<\/span><\/h2>\n<\/li>\n<li>\n<h2>\u2705 Acc\u00e9l\u00e8re<span style=\"color: #333333; font-size: 16px;\">la r\u00e9cup\u00e9ration apr\u00e8s l&rsquo;entra\u00eenement<\/span><\/h2>\n<\/li>\n<\/ul>\n<h2><strong>Utilisation polyvalente :<\/strong><\/h2>\n<p>Id\u00e9al pour la course \u00e0 pied, le cyclisme, le basket-ball, le football, le CrossFit, le tennis, la musculation et toutes les activit\u00e9s sportives.<\/p>\n<h2><strong>Confort maximal :<\/strong><\/h2>\n<ul>\n<li>Tissu respirant antibact\u00e9rien qui \u00e9vacue la transpiration<\/li>\n<li>S&rsquo;\u00e9tire dans 4 directions pour une libert\u00e9 de mouvement totale<\/li>\n<li>L\u00e9ger et discret, il se porte sous les v\u00eatements<\/li>\n<li>Pas de coutures irritantes ni de boucles<\/li>\n<li>Compression graduelle par zone pour un soutien optimal<\/li>\n<\/ul>\n<h2><strong>Qualit\u00e9 durable :<\/strong><\/h2>\n<p>Coutures renforc\u00e9es et mat\u00e9riaux r\u00e9sistants \u00e0 l&rsquo;\u00e9tirement pour une utilisation \u00e0 long terme. Entretien facile. <\/p>\n<p>Disponible en 3 tailles (S, M, L) - Couleur : Noir<\/p>\n<h2>Compression cibl\u00e9e pour une performance maximale<\/h2>\n<p>Ce manchon de compression pour les cuisses offre une pression sp\u00e9cifique par zone pour stabiliser les groupes musculaires et r\u00e9duire les vibrations, am\u00e9liorant ainsi le contr\u00f4le et l&rsquo;endurance. Il est parfait pour soutenir vos objectifs d&rsquo;entra\u00eenement ou maintenir la stabilit\u00e9 musculaire pendant l&rsquo;activit\u00e9. Que vous fassiez un sprint ou que vous vous concentriez sur l&rsquo;optimisation des performances, ce manchon vous aide \u00e0 rester fort, soutenu et confiant dans vos mouvements.  <\/p>\n<h2>\u2705 Le confort au service de la durabilit\u00e9<\/h2>\n<p>La manche est fabriqu\u00e9e dans un tissu respirant, anti-bact\u00e9rien et qui \u00e9vacue l&rsquo;humidit\u00e9, ce qui permet de garder la peau au frais et au sec. Les coutures renforc\u00e9es et les mat\u00e9riaux r\u00e9sistants \u00e0 l&rsquo;\u00e9tirement garantissent des performances durables, ce qui en fait un investissement intelligent et n\u00e9cessitant peu d&rsquo;entretien dans votre \u00e9quipement d&rsquo;entra\u00eenement. L\u00e9ger et discret, il se glisse facilement sous n&rsquo;importe quel v\u00eatement. Vous pouvez donc le porter au travail, \u00e0 la maison ou pendant vos s\u00e9ances de r\u00e9cup\u00e9ration.  <\/p>\n","protected":false},"excerpt":{"rendered":"<p>\ud83d\udd25fournit un soutien musculaire cibl\u00e9 pour les quadriceps, les ischio-jambiers et les adducteurs, r\u00e9duit les vibrations musculaires, acc\u00e9l\u00e8re la r\u00e9cup\u00e9ration<\/p>\n","protected":false},"featured_media":1374,"comment_status":"open","ping_status":"closed","template":"","meta":[],"product_brand":[],"product_cat":[44],"product_tag":[],"class_list":{"0":"post-1554","1":"product","2":"type-product","3":"status-publish","4":"has-post-thumbnail","6":"product_cat-protection-jambe","8":"first","9":"instock","10":"sale","11":"featured","12":"taxable","13":"shipping-taxable","14":"purchasable","15":"product-type-variable"},"yoast_head":"<!-- This site is optimized with the Yoast SEO plugin v27.4 - https:\/\/yoast.com\/product\/yoast-seo-wordpress\/ -->\n<title>Manchon de compression pour la cuisse - Stabilisation musculaire et confort - Pour la course \u00e0 pied, le cyclisme et le sport - Retour gratuit- KneeSolution.<\/title>\n<meta name=\"description\" content=\"fournit un soutien musculaire cibl\u00e9 pour les quadriceps, les ischio-jambiers et les adducteurs, r\u00e9duit les vibrations musculaires, acc\u00e9l\u00e8re la r\u00e9cup\u00e9ration apr\u00e8s l&#039;entra\u00eenement.\" \/>\n<meta name=\"robots\" content=\"index, follow, max-snippet:-1, max-image-preview:large, max-video-preview:-1\" \/>\n<link rel=\"canonical\" href=\"https:\/\/kneesolution.com\/fr\/produit\/manchon-de-soutien-a-la-compression-de-la-cuisse\/\" \/>\n<meta property=\"og:locale\" content=\"fr_FR\" \/>\n<meta property=\"og:type\" content=\"article\" \/>\n<meta property=\"og:title\" content=\"Manchon de compression pour la cuisse - Stabilisation musculaire et confort - Pour la course \u00e0 pied, le cyclisme et le sport - Retour gratuit- KneeSolution.\" \/>\n<meta property=\"og:description\" content=\"fournit un soutien musculaire cibl\u00e9 pour les quadriceps, les ischio-jambiers et les adducteurs, r\u00e9duit les vibrations musculaires, acc\u00e9l\u00e8re la r\u00e9cup\u00e9ration apr\u00e8s l&#039;entra\u00eenement.\" \/>\n<meta property=\"og:url\" content=\"https:\/\/kneesolution.com\/fr\/produit\/manchon-de-soutien-a-la-compression-de-la-cuisse\/\" \/>\n<meta property=\"og:site_name\" content=\"KneeSolution\" \/>\n<meta property=\"article:modified_time\" content=\"2026-05-04T20:28:28+00:00\" \/>\n<meta property=\"og:image\" content=\"https:\/\/kneesolution.com\/wp-content\/uploads\/2025\/05\/17313c5dee61363c337511b902f922aa.png\" \/>\n\t<meta property=\"og:image:width\" content=\"1000\" \/>\n\t<meta property=\"og:image:height\" content=\"1000\" \/>\n\t<meta property=\"og:image:type\" content=\"image\/png\" \/>\n<meta name=\"twitter:card\" content=\"summary_large_image\" \/>\n<meta name=\"twitter:label1\" content=\"Dur\u00e9e de lecture estim\u00e9e\" \/>\n\t<meta name=\"twitter:data1\" content=\"3 minutes\" \/>\n<script type=\"application\/ld+json\" class=\"yoast-schema-graph\">{\"@context\":\"https:\\\/\\\/schema.org\",\"@graph\":[{\"@type\":\"WebPage\",\"@id\":\"https:\\\/\\\/kneesolution.com\\\/fr\\\/produit\\\/manchon-de-soutien-a-la-compression-de-la-cuisse\\\/\",\"url\":\"https:\\\/\\\/kneesolution.com\\\/fr\\\/produit\\\/manchon-de-soutien-a-la-compression-de-la-cuisse\\\/\",\"name\":\"Manchon de compression pour la cuisse - Stabilisation musculaire et confort - Pour la course \u00e0 pied, le cyclisme et le sport - Retour gratuit- KneeSolution.\",\"isPartOf\":{\"@id\":\"https:\\\/\\\/kneesolution.com\\\/fr\\\/#website\"},\"primaryImageOfPage\":{\"@id\":\"https:\\\/\\\/kneesolution.com\\\/fr\\\/produit\\\/manchon-de-soutien-a-la-compression-de-la-cuisse\\\/#primaryimage\"},\"image\":{\"@id\":\"https:\\\/\\\/kneesolution.com\\\/fr\\\/produit\\\/manchon-de-soutien-a-la-compression-de-la-cuisse\\\/#primaryimage\"},\"thumbnailUrl\":\"https:\\\/\\\/kneesolution.com\\\/wp-content\\\/uploads\\\/2025\\\/05\\\/17313c5dee61363c337511b902f922aa.png\",\"datePublished\":\"2025-05-19T07:33:54+00:00\",\"dateModified\":\"2026-05-04T20:28:28+00:00\",\"description\":\"fournit un soutien musculaire cibl\u00e9 pour les quadriceps, les ischio-jambiers et les adducteurs, r\u00e9duit les vibrations musculaires, acc\u00e9l\u00e8re la r\u00e9cup\u00e9ration apr\u00e8s l'entra\u00eenement.\",\"breadcrumb\":{\"@id\":\"https:\\\/\\\/kneesolution.com\\\/fr\\\/produit\\\/manchon-de-soutien-a-la-compression-de-la-cuisse\\\/#breadcrumb\"},\"inLanguage\":\"fr-FR\",\"potentialAction\":[{\"@type\":\"ReadAction\",\"target\":[\"https:\\\/\\\/kneesolution.com\\\/fr\\\/produit\\\/manchon-de-soutien-a-la-compression-de-la-cuisse\\\/\"]}]},{\"@type\":\"ImageObject\",\"inLanguage\":\"fr-FR\",\"@id\":\"https:\\\/\\\/kneesolution.com\\\/fr\\\/produit\\\/manchon-de-soutien-a-la-compression-de-la-cuisse\\\/#primaryimage\",\"url\":\"https:\\\/\\\/kneesolution.com\\\/wp-content\\\/uploads\\\/2025\\\/05\\\/17313c5dee61363c337511b902f922aa.png\",\"contentUrl\":\"https:\\\/\\\/kneesolution.com\\\/wp-content\\\/uploads\\\/2025\\\/05\\\/17313c5dee61363c337511b902f922aa.png\",\"width\":1000,\"height\":1000},{\"@type\":\"BreadcrumbList\",\"@id\":\"https:\\\/\\\/kneesolution.com\\\/fr\\\/produit\\\/manchon-de-soutien-a-la-compression-de-la-cuisse\\\/#breadcrumb\",\"itemListElement\":[{\"@type\":\"ListItem\",\"position\":1,\"name\":\"Accueil\",\"item\":\"https:\\\/\\\/kneesolution.com\\\/fr\\\/\"},{\"@type\":\"ListItem\",\"position\":2,\"name\":\"Nos produits\",\"item\":\"https:\\\/\\\/kneesolution.com\\\/fr\\\/nos-produits-genouilleres-sport\\\/\"},{\"@type\":\"ListItem\",\"position\":3,\"name\":\"Manchon de compression pour la cuisse &#8211; Stabilisation musculaire et confort &#8211; Pour la course \u00e0 pied, le cyclisme et le sport\"}]},{\"@type\":\"WebSite\",\"@id\":\"https:\\\/\\\/kneesolution.com\\\/fr\\\/#website\",\"url\":\"https:\\\/\\\/kneesolution.com\\\/fr\\\/\",\"name\":\"KneeSolution\",\"description\":\"Because Every Step Matters\",\"publisher\":{\"@id\":\"https:\\\/\\\/kneesolution.com\\\/fr\\\/#organization\"},\"alternateName\":\"KneeSolution\",\"potentialAction\":[{\"@type\":\"SearchAction\",\"target\":{\"@type\":\"EntryPoint\",\"urlTemplate\":\"https:\\\/\\\/kneesolution.com\\\/fr\\\/?s={search_term_string}\"},\"query-input\":{\"@type\":\"PropertyValueSpecification\",\"valueRequired\":true,\"valueName\":\"search_term_string\"}}],\"inLanguage\":\"fr-FR\"},{\"@type\":\"Organization\",\"@id\":\"https:\\\/\\\/kneesolution.com\\\/fr\\\/#organization\",\"name\":\"GenouSolution\",\"url\":\"https:\\\/\\\/kneesolution.com\\\/fr\\\/\",\"logo\":{\"@type\":\"ImageObject\",\"inLanguage\":\"fr-FR\",\"@id\":\"https:\\\/\\\/kneesolution.com\\\/fr\\\/#\\\/schema\\\/logo\\\/image\\\/\",\"url\":\"https:\\\/\\\/kneesolution.com\\\/wp-content\\\/uploads\\\/2025\\\/05\\\/Knee-Solutions.gif\",\"contentUrl\":\"https:\\\/\\\/kneesolution.com\\\/wp-content\\\/uploads\\\/2025\\\/05\\\/Knee-Solutions.gif\",\"width\":445,\"height\":505,\"caption\":\"GenouSolution\"},\"image\":{\"@id\":\"https:\\\/\\\/kneesolution.com\\\/fr\\\/#\\\/schema\\\/logo\\\/image\\\/\"}}]}<\/script>\n<!-- \/ Yoast SEO plugin. -->","yoast_head_json":{"title":"Manchon de compression pour la cuisse - Stabilisation musculaire et confort - Pour la course \u00e0 pied, le cyclisme et le sport - Retour gratuit- KneeSolution.","description":"fournit un soutien musculaire cibl\u00e9 pour les quadriceps, les ischio-jambiers et les adducteurs, r\u00e9duit les vibrations musculaires, acc\u00e9l\u00e8re la r\u00e9cup\u00e9ration apr\u00e8s l'entra\u00eenement.","robots":{"index":"index","follow":"follow","max-snippet":"max-snippet:-1","max-image-preview":"max-image-preview:large","max-video-preview":"max-video-preview:-1"},"canonical":"https:\/\/kneesolution.com\/fr\/produit\/manchon-de-soutien-a-la-compression-de-la-cuisse\/","og_locale":"fr_FR","og_type":"article","og_title":"Manchon de compression pour la cuisse - Stabilisation musculaire et confort - Pour la course \u00e0 pied, le cyclisme et le sport - Retour gratuit- KneeSolution.","og_description":"fournit un soutien musculaire cibl\u00e9 pour les quadriceps, les ischio-jambiers et les adducteurs, r\u00e9duit les vibrations musculaires, acc\u00e9l\u00e8re la r\u00e9cup\u00e9ration apr\u00e8s l'entra\u00eenement.","og_url":"https:\/\/kneesolution.com\/fr\/produit\/manchon-de-soutien-a-la-compression-de-la-cuisse\/","og_site_name":"KneeSolution","article_modified_time":"2026-05-04T20:28:28+00:00","og_image":[{"width":1000,"height":1000,"url":"https:\/\/kneesolution.com\/wp-content\/uploads\/2025\/05\/17313c5dee61363c337511b902f922aa.png","type":"image\/png"}],"twitter_card":"summary_large_image","twitter_misc":{"Dur\u00e9e de lecture estim\u00e9e":"3 minutes"},"schema":{"@context":"https:\/\/schema.org","@graph":[{"@type":"WebPage","@id":"https:\/\/kneesolution.com\/fr\/produit\/manchon-de-soutien-a-la-compression-de-la-cuisse\/","url":"https:\/\/kneesolution.com\/fr\/produit\/manchon-de-soutien-a-la-compression-de-la-cuisse\/","name":"Manchon de compression pour la cuisse - Stabilisation musculaire et confort - Pour la course \u00e0 pied, le cyclisme et le sport - Retour gratuit- KneeSolution.","isPartOf":{"@id":"https:\/\/kneesolution.com\/fr\/#website"},"primaryImageOfPage":{"@id":"https:\/\/kneesolution.com\/fr\/produit\/manchon-de-soutien-a-la-compression-de-la-cuisse\/#primaryimage"},"image":{"@id":"https:\/\/kneesolution.com\/fr\/produit\/manchon-de-soutien-a-la-compression-de-la-cuisse\/#primaryimage"},"thumbnailUrl":"https:\/\/kneesolution.com\/wp-content\/uploads\/2025\/05\/17313c5dee61363c337511b902f922aa.png","datePublished":"2025-05-19T07:33:54+00:00","dateModified":"2026-05-04T20:28:28+00:00","description":"fournit un soutien musculaire cibl\u00e9 pour les quadriceps, les ischio-jambiers et les adducteurs, r\u00e9duit les vibrations musculaires, acc\u00e9l\u00e8re la r\u00e9cup\u00e9ration apr\u00e8s l'entra\u00eenement.","breadcrumb":{"@id":"https:\/\/kneesolution.com\/fr\/produit\/manchon-de-soutien-a-la-compression-de-la-cuisse\/#breadcrumb"},"inLanguage":"fr-FR","potentialAction":[{"@type":"ReadAction","target":["https:\/\/kneesolution.com\/fr\/produit\/manchon-de-soutien-a-la-compression-de-la-cuisse\/"]}]},{"@type":"ImageObject","inLanguage":"fr-FR","@id":"https:\/\/kneesolution.com\/fr\/produit\/manchon-de-soutien-a-la-compression-de-la-cuisse\/#primaryimage","url":"https:\/\/kneesolution.com\/wp-content\/uploads\/2025\/05\/17313c5dee61363c337511b902f922aa.png","contentUrl":"https:\/\/kneesolution.com\/wp-content\/uploads\/2025\/05\/17313c5dee61363c337511b902f922aa.png","width":1000,"height":1000},{"@type":"BreadcrumbList","@id":"https:\/\/kneesolution.com\/fr\/produit\/manchon-de-soutien-a-la-compression-de-la-cuisse\/#breadcrumb","itemListElement":[{"@type":"ListItem","position":1,"name":"Accueil","item":"https:\/\/kneesolution.com\/fr\/"},{"@type":"ListItem","position":2,"name":"Nos produits","item":"https:\/\/kneesolution.com\/fr\/nos-produits-genouilleres-sport\/"},{"@type":"ListItem","position":3,"name":"Manchon de compression pour la cuisse &#8211; Stabilisation musculaire et confort &#8211; Pour la course \u00e0 pied, le cyclisme et le sport"}]},{"@type":"WebSite","@id":"https:\/\/kneesolution.com\/fr\/#website","url":"https:\/\/kneesolution.com\/fr\/","name":"KneeSolution","description":"Because Every Step Matters","publisher":{"@id":"https:\/\/kneesolution.com\/fr\/#organization"},"alternateName":"KneeSolution","potentialAction":[{"@type":"SearchAction","target":{"@type":"EntryPoint","urlTemplate":"https:\/\/kneesolution.com\/fr\/?s={search_term_string}"},"query-input":{"@type":"PropertyValueSpecification","valueRequired":true,"valueName":"search_term_string"}}],"inLanguage":"fr-FR"},{"@type":"Organization","@id":"https:\/\/kneesolution.com\/fr\/#organization","name":"GenouSolution","url":"https:\/\/kneesolution.com\/fr\/","logo":{"@type":"ImageObject","inLanguage":"fr-FR","@id":"https:\/\/kneesolution.com\/fr\/#\/schema\/logo\/image\/","url":"https:\/\/kneesolution.com\/wp-content\/uploads\/2025\/05\/Knee-Solutions.gif","contentUrl":"https:\/\/kneesolution.com\/wp-content\/uploads\/2025\/05\/Knee-Solutions.gif","width":445,"height":505,"caption":"GenouSolution"},"image":{"@id":"https:\/\/kneesolution.com\/fr\/#\/schema\/logo\/image\/"}}]}},"_links":{"self":[{"href":"https:\/\/kneesolution.com\/fr\/wp-json\/wp\/v2\/product\/1554","targetHints":{"allow":["GET"]}}],"collection":[{"href":"https:\/\/kneesolution.com\/fr\/wp-json\/wp\/v2\/product"}],"about":[{"href":"https:\/\/kneesolution.com\/fr\/wp-json\/wp\/v2\/types\/product"}],"replies":[{"embeddable":true,"href":"https:\/\/kneesolution.com\/fr\/wp-json\/wp\/v2\/comments?post=1554"}],"version-history":[{"count":7,"href":"https:\/\/kneesolution.com\/fr\/wp-json\/wp\/v2\/product\/1554\/revisions"}],"predecessor-version":[{"id":3108,"href":"https:\/\/kneesolution.com\/fr\/wp-json\/wp\/v2\/product\/1554\/revisions\/3108"}],"wp:featuredmedia":[{"embeddable":true,"href":"https:\/\/kneesolution.com\/fr\/wp-json\/wp\/v2\/media\/1374"}],"wp:attachment":[{"href":"https:\/\/kneesolution.com\/fr\/wp-json\/wp\/v2\/media?parent=1554"}],"wp:term":[{"taxonomy":"product_brand","embeddable":true,"href":"https:\/\/kneesolution.com\/fr\/wp-json\/wp\/v2\/product_brand?post=1554"},{"taxonomy":"product_cat","embeddable":true,"href":"https:\/\/kneesolution.com\/fr\/wp-json\/wp\/v2\/product_cat?post=1554"},{"taxonomy":"product_tag","embeddable":true,"href":"https:\/\/kneesolution.com\/fr\/wp-json\/wp\/v2\/product_tag?post=1554"}],"curies":[{"name":"wp","href":"https:\/\/api.w.org\/{rel}","templated":true}]}}