{"id":1568,"date":"2025-05-19T07:24:46","date_gmt":"2025-05-19T07:24:46","guid":{"rendered":"https:\/\/kneesolution.com\/product\/poche-de-gel-chaud-et-froid-reutilisable\/"},"modified":"2026-02-05T19:59:39","modified_gmt":"2026-02-05T19:59:39","slug":"poche-de-gel-chaud-et-froid-reutilisable","status":"publish","type":"product","link":"https:\/\/kneesolution.com\/fr\/produit\/poche-de-gel-chaud-et-froid-reutilisable\/","title":{"rendered":"Pack de gel chaud\/froid r\u00e9utilisable - th\u00e9rapie 2 en 1 avec sangle - pour les genoux, le dos et les muscles"},"content":{"rendered":"<h1><strong>20 minutes de temp\u00e9rature constante. Solution naturelle pour la r\u00e9cup\u00e9ration post-entra\u00eenement (Froid) ou <\/strong><\/h1>\n<h1><strong>pr\u00e9-entra\u00eenement (chaud)  <\/strong><\/h1>\n<p>Soulagez naturellement vos muscles gr\u00e2ce \u00e0 cette poche de gel 2 en 1 r\u00e9utilisable. A utiliser froid ou chaud selon vos besoins. Pratique et \u00e9conomique pour toute la famille.  <\/p>\n<h2><strong>Vos avantages concrets :<\/strong><\/h2>\n<ul>\n<li>\n<h2><span style=\"color: #333333; font-size: 16px;\">Th\u00e9rapie par le<\/span> froid<span style=\"color: #333333; font-size: 16px;\">: apaise et aide \u00e0 la r\u00e9cup\u00e9ration musculaire<\/span><\/h2>\n<\/li>\n<li>\n<h2><span style=\"color: #333333; font-size: 16px;\">La th\u00e9rapie par<\/span> la chaleur<span style=\"color: #333333; font-size: 16px;\">: d\u00e9tend les tensions et am\u00e9liore la flexibilit\u00e9<\/span>.<\/h2>\n<\/li>\n<li>\n<h2>Maintient la<span style=\"color: #333333; font-size: 16px;\">temp\u00e9rature jusqu&rsquo;\u00e0 20 minutes<\/span><\/h2>\n<\/li>\n<li>\n<h2>\u2705Reste<span style=\"color: #333333; font-size: 16px;\">flexible m\u00eame lorsqu&rsquo;il est gel\u00e9 pour un contact agr\u00e9able<\/span><\/h2>\n<\/li>\n<li>\n<h2><span style=\"color: #333333; font-size: 16px;\">\u2705Sangle<\/span> incluse<span style=\"color: #333333; font-size: 16px;\">pour une utilisation mains-libres<\/span><\/h2>\n<\/li>\n<\/ul>\n<h2><strong>Utilisation polyvalente :<\/strong><\/h2>\n<p>S&rsquo;adapte parfaitement aux genoux, \u00e9paules, dos, chevilles, poignets, mollets. Id\u00e9al apr\u00e8s le sport, pour les tensions musculaires ou le confort quotidien. <\/p>\n<h2><strong>Simple d&rsquo;utilisation :<\/strong><\/h2>\n<ul>\n<li>Chaud : 30 secondes au micro-ondes<\/li>\n<li>Froid : 2 heures au cong\u00e9lateur<\/li>\n<li>Pr\u00eat en quelques secondes<\/li>\n<li>Gel flexible qui s&rsquo;adapte \u00e0 la forme du corps<\/li>\n<\/ul>\n<h2><strong>Qualit\u00e9 et hygi\u00e8ne :<\/strong><\/h2>\n<ul>\n<li>Gel professionnel de haute qualit\u00e9<\/li>\n<li>R\u00e9utilisable \u00e0 l&rsquo;infini : \u00e9conomique et \u00e9cologique<\/li>\n<li>Housse amovible en tissu lavable en machine<\/li>\n<li>Ne fuit pas et ne fait pas de d\u00e9g\u00e2ts<\/li>\n<li>Compact et l\u00e9ger, facile \u00e0 ranger<\/li>\n<\/ul>\n<h2><strong>Alternative pratique :<\/strong><\/h2>\n<p>Remplace les coussins chauffants encombrants et les poches de glace traditionnelles. Solution tout-en-un peu encombrante. <\/p>\n<p>Garantie <strong>KneeSolution<\/strong>: retours et \u00e9changes gratuits<\/p>\n","protected":false},"excerpt":{"rendered":"<p>20 minutes de temp\u00e9rature constante. Solution naturelle pour la r\u00e9cup\u00e9ration post-entra\u00eenement (Froid) ou pr\u00e9-entra\u00eenement (chaud) Soulagez naturellement vos muscles gr\u00e2ce<\/p>\n","protected":false},"featured_media":1437,"comment_status":"open","ping_status":"closed","template":"","meta":[],"product_brand":[],"product_cat":[56],"product_tag":[],"class_list":{"0":"post-1568","1":"product","2":"type-product","3":"status-publish","4":"has-post-thumbnail","6":"product_cat-recuperation-du-genou","8":"first","9":"instock","10":"sale","11":"taxable","12":"shipping-taxable","13":"purchasable","14":"product-type-simple"},"yoast_head":"<!-- This site is optimized with the Yoast SEO plugin v27.4 - https:\/\/yoast.com\/product\/yoast-seo-wordpress\/ -->\n<title>Pack de gel chaud\/froid r\u00e9utilisable - th\u00e9rapie 2 en 1 avec sangle - pour les genoux, le dos et les muscles - Retour gratuit- KneeSolution.<\/title>\n<meta name=\"description\" content=\"20 minutes de temp\u00e9rature constante. Solution naturelle pour la r\u00e9cup\u00e9ration post-entra\u00eenement (froid) ou pr\u00e9-entra\u00eenement (chaud). Poche de gel chaud et froid r\u00e9utilisable.\" \/>\n<meta name=\"robots\" content=\"index, follow, max-snippet:-1, max-image-preview:large, max-video-preview:-1\" \/>\n<link rel=\"canonical\" href=\"https:\/\/kneesolution.com\/fr\/produit\/poche-de-gel-chaud-et-froid-reutilisable\/\" \/>\n<meta property=\"og:locale\" content=\"fr_FR\" \/>\n<meta property=\"og:type\" content=\"article\" \/>\n<meta property=\"og:title\" content=\"Pack de gel chaud\/froid r\u00e9utilisable - th\u00e9rapie 2 en 1 avec sangle - pour les genoux, le dos et les muscles - Retour gratuit- KneeSolution.\" \/>\n<meta property=\"og:description\" content=\"20 minutes de temp\u00e9rature constante. Solution naturelle pour la r\u00e9cup\u00e9ration post-entra\u00eenement (froid) ou pr\u00e9-entra\u00eenement (chaud). Poche de gel chaud et froid r\u00e9utilisable.\" \/>\n<meta property=\"og:url\" content=\"https:\/\/kneesolution.com\/fr\/produit\/poche-de-gel-chaud-et-froid-reutilisable\/\" \/>\n<meta property=\"og:site_name\" content=\"KneeSolution\" \/>\n<meta property=\"article:modified_time\" content=\"2026-02-05T19:59:39+00:00\" \/>\n<meta property=\"og:image\" content=\"https:\/\/kneesolution.com\/wp-content\/uploads\/2025\/05\/thight-sleeve.jpg\" \/>\n\t<meta property=\"og:image:width\" content=\"549\" \/>\n\t<meta property=\"og:image:height\" content=\"528\" \/>\n\t<meta property=\"og:image:type\" content=\"image\/jpeg\" \/>\n<meta name=\"twitter:card\" content=\"summary_large_image\" \/>\n<meta name=\"twitter:label1\" content=\"Dur\u00e9e de lecture estim\u00e9e\" \/>\n\t<meta name=\"twitter:data1\" content=\"2 minutes\" \/>\n<script type=\"application\/ld+json\" class=\"yoast-schema-graph\">{\"@context\":\"https:\\\/\\\/schema.org\",\"@graph\":[{\"@type\":\"WebPage\",\"@id\":\"https:\\\/\\\/kneesolution.com\\\/fr\\\/produit\\\/poche-de-gel-chaud-et-froid-reutilisable\\\/\",\"url\":\"https:\\\/\\\/kneesolution.com\\\/fr\\\/produit\\\/poche-de-gel-chaud-et-froid-reutilisable\\\/\",\"name\":\"Pack de gel chaud\\\/froid r\u00e9utilisable - th\u00e9rapie 2 en 1 avec sangle - pour les genoux, le dos et les muscles - Retour gratuit- KneeSolution.\",\"isPartOf\":{\"@id\":\"https:\\\/\\\/kneesolution.com\\\/fr\\\/#website\"},\"primaryImageOfPage\":{\"@id\":\"https:\\\/\\\/kneesolution.com\\\/fr\\\/produit\\\/poche-de-gel-chaud-et-froid-reutilisable\\\/#primaryimage\"},\"image\":{\"@id\":\"https:\\\/\\\/kneesolution.com\\\/fr\\\/produit\\\/poche-de-gel-chaud-et-froid-reutilisable\\\/#primaryimage\"},\"thumbnailUrl\":\"https:\\\/\\\/kneesolution.com\\\/wp-content\\\/uploads\\\/2025\\\/05\\\/thight-sleeve.jpg\",\"datePublished\":\"2025-05-19T07:24:46+00:00\",\"dateModified\":\"2026-02-05T19:59:39+00:00\",\"description\":\"20 minutes de temp\u00e9rature constante. Solution naturelle pour la r\u00e9cup\u00e9ration post-entra\u00eenement (froid) ou pr\u00e9-entra\u00eenement (chaud). Poche de gel chaud et froid r\u00e9utilisable.\",\"breadcrumb\":{\"@id\":\"https:\\\/\\\/kneesolution.com\\\/fr\\\/produit\\\/poche-de-gel-chaud-et-froid-reutilisable\\\/#breadcrumb\"},\"inLanguage\":\"fr-FR\",\"potentialAction\":[{\"@type\":\"ReadAction\",\"target\":[\"https:\\\/\\\/kneesolution.com\\\/fr\\\/produit\\\/poche-de-gel-chaud-et-froid-reutilisable\\\/\"]}]},{\"@type\":\"ImageObject\",\"inLanguage\":\"fr-FR\",\"@id\":\"https:\\\/\\\/kneesolution.com\\\/fr\\\/produit\\\/poche-de-gel-chaud-et-froid-reutilisable\\\/#primaryimage\",\"url\":\"https:\\\/\\\/kneesolution.com\\\/wp-content\\\/uploads\\\/2025\\\/05\\\/thight-sleeve.jpg\",\"contentUrl\":\"https:\\\/\\\/kneesolution.com\\\/wp-content\\\/uploads\\\/2025\\\/05\\\/thight-sleeve.jpg\",\"width\":549,\"height\":528},{\"@type\":\"BreadcrumbList\",\"@id\":\"https:\\\/\\\/kneesolution.com\\\/fr\\\/produit\\\/poche-de-gel-chaud-et-froid-reutilisable\\\/#breadcrumb\",\"itemListElement\":[{\"@type\":\"ListItem\",\"position\":1,\"name\":\"Accueil\",\"item\":\"https:\\\/\\\/kneesolution.com\\\/fr\\\/\"},{\"@type\":\"ListItem\",\"position\":2,\"name\":\"Nos produits\",\"item\":\"https:\\\/\\\/kneesolution.com\\\/fr\\\/nos-produits-genouilleres-sport\\\/\"},{\"@type\":\"ListItem\",\"position\":3,\"name\":\"Pack de gel chaud\\\/froid r\u00e9utilisable &#8211; th\u00e9rapie 2 en 1 avec sangle &#8211; pour les genoux, le dos et les muscles\"}]},{\"@type\":\"WebSite\",\"@id\":\"https:\\\/\\\/kneesolution.com\\\/fr\\\/#website\",\"url\":\"https:\\\/\\\/kneesolution.com\\\/fr\\\/\",\"name\":\"KneeSolution\",\"description\":\"Because Every Step Matters\",\"publisher\":{\"@id\":\"https:\\\/\\\/kneesolution.com\\\/fr\\\/#organization\"},\"alternateName\":\"KneeSolution\",\"potentialAction\":[{\"@type\":\"SearchAction\",\"target\":{\"@type\":\"EntryPoint\",\"urlTemplate\":\"https:\\\/\\\/kneesolution.com\\\/fr\\\/?s={search_term_string}\"},\"query-input\":{\"@type\":\"PropertyValueSpecification\",\"valueRequired\":true,\"valueName\":\"search_term_string\"}}],\"inLanguage\":\"fr-FR\"},{\"@type\":\"Organization\",\"@id\":\"https:\\\/\\\/kneesolution.com\\\/fr\\\/#organization\",\"name\":\"GenouSolution\",\"url\":\"https:\\\/\\\/kneesolution.com\\\/fr\\\/\",\"logo\":{\"@type\":\"ImageObject\",\"inLanguage\":\"fr-FR\",\"@id\":\"https:\\\/\\\/kneesolution.com\\\/fr\\\/#\\\/schema\\\/logo\\\/image\\\/\",\"url\":\"https:\\\/\\\/kneesolution.com\\\/wp-content\\\/uploads\\\/2025\\\/05\\\/Knee-Solutions.gif\",\"contentUrl\":\"https:\\\/\\\/kneesolution.com\\\/wp-content\\\/uploads\\\/2025\\\/05\\\/Knee-Solutions.gif\",\"width\":445,\"height\":505,\"caption\":\"GenouSolution\"},\"image\":{\"@id\":\"https:\\\/\\\/kneesolution.com\\\/fr\\\/#\\\/schema\\\/logo\\\/image\\\/\"}}]}<\/script>\n<!-- \/ Yoast SEO plugin. -->","yoast_head_json":{"title":"Pack de gel chaud\/froid r\u00e9utilisable - th\u00e9rapie 2 en 1 avec sangle - pour les genoux, le dos et les muscles - Retour gratuit- KneeSolution.","description":"20 minutes de temp\u00e9rature constante. Solution naturelle pour la r\u00e9cup\u00e9ration post-entra\u00eenement (froid) ou pr\u00e9-entra\u00eenement (chaud). Poche de gel chaud et froid r\u00e9utilisable.","robots":{"index":"index","follow":"follow","max-snippet":"max-snippet:-1","max-image-preview":"max-image-preview:large","max-video-preview":"max-video-preview:-1"},"canonical":"https:\/\/kneesolution.com\/fr\/produit\/poche-de-gel-chaud-et-froid-reutilisable\/","og_locale":"fr_FR","og_type":"article","og_title":"Pack de gel chaud\/froid r\u00e9utilisable - th\u00e9rapie 2 en 1 avec sangle - pour les genoux, le dos et les muscles - Retour gratuit- KneeSolution.","og_description":"20 minutes de temp\u00e9rature constante. Solution naturelle pour la r\u00e9cup\u00e9ration post-entra\u00eenement (froid) ou pr\u00e9-entra\u00eenement (chaud). Poche de gel chaud et froid r\u00e9utilisable.","og_url":"https:\/\/kneesolution.com\/fr\/produit\/poche-de-gel-chaud-et-froid-reutilisable\/","og_site_name":"KneeSolution","article_modified_time":"2026-02-05T19:59:39+00:00","og_image":[{"width":549,"height":528,"url":"https:\/\/kneesolution.com\/wp-content\/uploads\/2025\/05\/thight-sleeve.jpg","type":"image\/jpeg"}],"twitter_card":"summary_large_image","twitter_misc":{"Dur\u00e9e de lecture estim\u00e9e":"2 minutes"},"schema":{"@context":"https:\/\/schema.org","@graph":[{"@type":"WebPage","@id":"https:\/\/kneesolution.com\/fr\/produit\/poche-de-gel-chaud-et-froid-reutilisable\/","url":"https:\/\/kneesolution.com\/fr\/produit\/poche-de-gel-chaud-et-froid-reutilisable\/","name":"Pack de gel chaud\/froid r\u00e9utilisable - th\u00e9rapie 2 en 1 avec sangle - pour les genoux, le dos et les muscles - Retour gratuit- KneeSolution.","isPartOf":{"@id":"https:\/\/kneesolution.com\/fr\/#website"},"primaryImageOfPage":{"@id":"https:\/\/kneesolution.com\/fr\/produit\/poche-de-gel-chaud-et-froid-reutilisable\/#primaryimage"},"image":{"@id":"https:\/\/kneesolution.com\/fr\/produit\/poche-de-gel-chaud-et-froid-reutilisable\/#primaryimage"},"thumbnailUrl":"https:\/\/kneesolution.com\/wp-content\/uploads\/2025\/05\/thight-sleeve.jpg","datePublished":"2025-05-19T07:24:46+00:00","dateModified":"2026-02-05T19:59:39+00:00","description":"20 minutes de temp\u00e9rature constante. Solution naturelle pour la r\u00e9cup\u00e9ration post-entra\u00eenement (froid) ou pr\u00e9-entra\u00eenement (chaud). Poche de gel chaud et froid r\u00e9utilisable.","breadcrumb":{"@id":"https:\/\/kneesolution.com\/fr\/produit\/poche-de-gel-chaud-et-froid-reutilisable\/#breadcrumb"},"inLanguage":"fr-FR","potentialAction":[{"@type":"ReadAction","target":["https:\/\/kneesolution.com\/fr\/produit\/poche-de-gel-chaud-et-froid-reutilisable\/"]}]},{"@type":"ImageObject","inLanguage":"fr-FR","@id":"https:\/\/kneesolution.com\/fr\/produit\/poche-de-gel-chaud-et-froid-reutilisable\/#primaryimage","url":"https:\/\/kneesolution.com\/wp-content\/uploads\/2025\/05\/thight-sleeve.jpg","contentUrl":"https:\/\/kneesolution.com\/wp-content\/uploads\/2025\/05\/thight-sleeve.jpg","width":549,"height":528},{"@type":"BreadcrumbList","@id":"https:\/\/kneesolution.com\/fr\/produit\/poche-de-gel-chaud-et-froid-reutilisable\/#breadcrumb","itemListElement":[{"@type":"ListItem","position":1,"name":"Accueil","item":"https:\/\/kneesolution.com\/fr\/"},{"@type":"ListItem","position":2,"name":"Nos produits","item":"https:\/\/kneesolution.com\/fr\/nos-produits-genouilleres-sport\/"},{"@type":"ListItem","position":3,"name":"Pack de gel chaud\/froid r\u00e9utilisable &#8211; th\u00e9rapie 2 en 1 avec sangle &#8211; pour les genoux, le dos et les muscles"}]},{"@type":"WebSite","@id":"https:\/\/kneesolution.com\/fr\/#website","url":"https:\/\/kneesolution.com\/fr\/","name":"KneeSolution","description":"Because Every Step Matters","publisher":{"@id":"https:\/\/kneesolution.com\/fr\/#organization"},"alternateName":"KneeSolution","potentialAction":[{"@type":"SearchAction","target":{"@type":"EntryPoint","urlTemplate":"https:\/\/kneesolution.com\/fr\/?s={search_term_string}"},"query-input":{"@type":"PropertyValueSpecification","valueRequired":true,"valueName":"search_term_string"}}],"inLanguage":"fr-FR"},{"@type":"Organization","@id":"https:\/\/kneesolution.com\/fr\/#organization","name":"GenouSolution","url":"https:\/\/kneesolution.com\/fr\/","logo":{"@type":"ImageObject","inLanguage":"fr-FR","@id":"https:\/\/kneesolution.com\/fr\/#\/schema\/logo\/image\/","url":"https:\/\/kneesolution.com\/wp-content\/uploads\/2025\/05\/Knee-Solutions.gif","contentUrl":"https:\/\/kneesolution.com\/wp-content\/uploads\/2025\/05\/Knee-Solutions.gif","width":445,"height":505,"caption":"GenouSolution"},"image":{"@id":"https:\/\/kneesolution.com\/fr\/#\/schema\/logo\/image\/"}}]}},"_links":{"self":[{"href":"https:\/\/kneesolution.com\/fr\/wp-json\/wp\/v2\/product\/1568","targetHints":{"allow":["GET"]}}],"collection":[{"href":"https:\/\/kneesolution.com\/fr\/wp-json\/wp\/v2\/product"}],"about":[{"href":"https:\/\/kneesolution.com\/fr\/wp-json\/wp\/v2\/types\/product"}],"replies":[{"embeddable":true,"href":"https:\/\/kneesolution.com\/fr\/wp-json\/wp\/v2\/comments?post=1568"}],"version-history":[{"count":7,"href":"https:\/\/kneesolution.com\/fr\/wp-json\/wp\/v2\/product\/1568\/revisions"}],"predecessor-version":[{"id":3157,"href":"https:\/\/kneesolution.com\/fr\/wp-json\/wp\/v2\/product\/1568\/revisions\/3157"}],"wp:featuredmedia":[{"embeddable":true,"href":"https:\/\/kneesolution.com\/fr\/wp-json\/wp\/v2\/media\/1437"}],"wp:attachment":[{"href":"https:\/\/kneesolution.com\/fr\/wp-json\/wp\/v2\/media?parent=1568"}],"wp:term":[{"taxonomy":"product_brand","embeddable":true,"href":"https:\/\/kneesolution.com\/fr\/wp-json\/wp\/v2\/product_brand?post=1568"},{"taxonomy":"product_cat","embeddable":true,"href":"https:\/\/kneesolution.com\/fr\/wp-json\/wp\/v2\/product_cat?post=1568"},{"taxonomy":"product_tag","embeddable":true,"href":"https:\/\/kneesolution.com\/fr\/wp-json\/wp\/v2\/product_tag?post=1568"}],"curies":[{"name":"wp","href":"https:\/\/api.w.org\/{rel}","templated":true}]}}