{"id":1569,"date":"2025-05-19T07:24:06","date_gmt":"2025-05-19T07:24:06","guid":{"rendered":"https:\/\/kneesolution.com\/product\/pack-de-glace-reutilisable-pour-les-blessures\/"},"modified":"2026-02-05T19:59:41","modified_gmt":"2026-02-05T19:59:41","slug":"pack-de-glace-reutilisable","status":"publish","type":"product","link":"https:\/\/kneesolution.com\/fr\/produit\/pack-de-glace-reutilisable\/","title":{"rendered":"Pack de glace r\u00e9utilisable - chaud\/froid avec sangles - pour les genoux, les chevilles et la r\u00e9cup\u00e9ration sportive"},"content":{"rendered":"<h1><strong>\ud83d\udd25 Acc\u00e9l\u00e9rez votre r\u00e9tablissement gr\u00e2ce \u00e0 cette poche de glace r\u00e9utilisable <\/strong><strong>2 en 1<\/strong><strong>. Gr\u00e2ce \u00e0 des sangles \u00e9lastiques r\u00e9glables, elle reste en place pour une th\u00e9rapie chaude\/froide efficace et mains libres.<\/strong><\/h1>\n<h1><strong>Pourquoi vous aimerez la trousse th\u00e9rapeutique r\u00e9utilisable :<\/strong><\/h1>\n<ul>\n<li><strong>Double th\u00e9rapie par le chaud et le froid :<\/strong> Congelez la <strong>poche de glace r\u00e9utilisable 2 en 1.<\/strong> pour favoriser la r\u00e9cup\u00e9ration musculaire et le confort, ou passez-la au micro-ondes pour obtenir une compresse chaude qui favorise la relaxation et la souplesse.<\/li>\n<li><strong>Le confort avant tout :<\/strong> Fabriqu\u00e9 en tissu pelucheux et en nylon souple pour un toucher doux et un ajustement s\u00fbr sur les genoux, les coudes, les poignets, les chevilles et d&rsquo;autres zones n\u00e9cessitant un soutien.<\/li>\n<li><strong>Sangles \u00e9lastiques r\u00e9glables :<\/strong> \u00c9quip\u00e9es de fermetures auto-agrippantes qui permettent un ajustement serr\u00e9 et personnalisable pour un confort mains libres sur n&rsquo;importe quelle partie du corps.<\/li>\n<li><strong>Large zone de couverture :<\/strong> Offre une large couverture pour une thermoth\u00e9rapie efficace \u00e0 contact total - pas de gouttes ni de condensation pendant l&rsquo;utilisation.<\/li>\n<li><strong>Durable et r\u00e9utilisable :<\/strong> La formule du gel de haute qualit\u00e9 conserve la temp\u00e9rature plus longtemps et offre des performances constantes apr\u00e8s des cycles r\u00e9p\u00e9t\u00e9s de cong\u00e9lation et de chauffage.<\/li>\n<\/ul>\n<h2><strong>Vos avantages concrets :<\/strong><\/h2>\n<ul>\n<li>\n<h2>\u2705Maintient la temp\u00e9rature jusqu&rsquo;\u00e0 30 minutes<\/h2>\n<\/li>\n<li>\n<h2>\u2705Sangles r\u00e9glables avec fermeture auto-agrippante : utilisation mains libres<\/h2>\n<\/li>\n<li>\n<h2>\u2705Grande zone de couverture pour un traitement complet<\/h2>\n<\/li>\n<li>\n<h2>\u2705Le gel reste souple m\u00eame lorsqu&rsquo;il est congel\u00e9<\/h2>\n<\/li>\n<li>\n<h2>\u2705Pas de gouttes ou de condensation pendant l&rsquo;utilisation<\/h2>\n<\/li>\n<\/ul>\n<h2><strong>Double fonction :<\/strong><\/h2>\n<ul>\n<li>Froid : aide \u00e0 la r\u00e9cup\u00e9ration musculaire apr\u00e8s l&rsquo;exercice<\/li>\n<li>Chaud : favorise la relaxation et la souplesse<\/li>\n<\/ul>\n<h2><strong>Utilisation polyvalente :<\/strong><\/h2>\n<p>S&rsquo;adapte parfaitement aux genoux, chevilles, coudes, \u00e9paules, dos, poignets. Id\u00e9al apr\u00e8s le sport, pour les tensions musculaires ou le confort quotidien.<\/p>\n<h2><strong>Simple d&rsquo;utilisation :<\/strong><\/h2>\n<ul>\n<li>Froid : cong\u00e9lation 2 heures<\/li>\n<li>Chaud : quelques secondes au micro-ondes<\/li>\n<li>Sangles auto-agrippantes pour un ajustement personnalis\u00e9<\/li>\n<li>Forme ergonomique qui s&rsquo;adapte au corps sur 360\u00b0.<\/li>\n<\/ul>\n<h2><strong>Confort et s\u00e9curit\u00e9 :<\/strong><\/h2>\n<ul>\n<li>Tissu doux au toucher<\/li>\n<li>Gel non toxique et respectueux de l&rsquo;environnement<\/li>\n<li>Housse lavable pour une hygi\u00e8ne parfaite<\/li>\n<li>Imperm\u00e9able et \u00e9tanche<\/li>\n<li>Pas d&rsquo;irritation de la peau<\/li>\n<\/ul>\n<h2><strong>\u00c9conomique et \u00e9cologique :<\/strong><\/h2>\n<p>R\u00e9utilisable \u00e0 l&rsquo;infini. Formule de gel de haute qualit\u00e9 qui conserve ses performances apr\u00e8s plusieurs cycles. Alternative durable aux solutions jetables.<\/p>\n<p>Approuv\u00e9 par les athl\u00e8tes et les professionnels de la sant\u00e9.<\/p>\n<h2><strong>Solution s\u00fbre et \u00e9cologique pour la gestion du confort \u00e0 long terme<\/strong><\/h2>\n<p>Dot\u00e9 d&rsquo;un gel int\u00e9rieur non toxique et respectueux de l&rsquo;environnement, notre pack reste souple lorsqu&rsquo;il est congel\u00e9 et ne pr\u00e9sente aucun danger pour le contact avec la peau. Avec une housse lavable et une construction durable, il s&rsquo;agit d&rsquo;une alternative plus intelligente et plus \u00e9cologique aux solutions jetables.<\/p>\n<p>Que vous souhaitiez am\u00e9liorer votre routine post-entra\u00eenement, soutenir votre style de vie actif ou maintenir votre confort quotidien, ce produit s&rsquo;adapte \u00e0 votre style de vie. Besoin d&rsquo;un soutien suppl\u00e9mentaire pour la r\u00e9cup\u00e9ration ? Consultez notre collection de manchons de compression pour les genoux, les chevilles et les coudes.<\/p>\n<p>Garantie <strong>KneeSolution<\/strong>: retours et \u00e9changes gratuits<\/p>\n","protected":false},"excerpt":{"rendered":"<p>\ud83d\udd25 Acc\u00e9l\u00e9rez votre r\u00e9tablissement gr\u00e2ce \u00e0 cette poche de glace r\u00e9utilisable 2 en 1. Gr\u00e2ce \u00e0 des sangles \u00e9lastiques r\u00e9glables,<\/p>\n","protected":false},"featured_media":1341,"comment_status":"open","ping_status":"closed","template":"","meta":[],"product_brand":[],"product_cat":[56],"product_tag":[],"class_list":{"0":"post-1569","1":"product","2":"type-product","3":"status-publish","4":"has-post-thumbnail","6":"product_cat-recuperation-du-genou","8":"first","9":"instock","10":"taxable","11":"shipping-taxable","12":"purchasable","13":"product-type-simple"},"yoast_head":"<!-- This site is optimized with the Yoast SEO plugin v27.4 - https:\/\/yoast.com\/product\/yoast-seo-wordpress\/ -->\n<title>Pack de glace r\u00e9utilisable - chaud\/froid avec sangles - pour les genoux, les chevilles et la r\u00e9cup\u00e9ration sportive - Retour gratuit- KneeSolution.<\/title>\n<meta name=\"description\" content=\"Acc\u00e9l\u00e9rez votre r\u00e9tablissement gr\u00e2ce \u00e0 cette poche de glace 2 en 1 r\u00e9utilisable. Dot\u00e9 de sangles \u00e9lastiques r\u00e9glables, il reste en place pour une th\u00e9rapie chaude\/froide efficace et mains libres.\" \/>\n<meta name=\"robots\" content=\"index, follow, max-snippet:-1, max-image-preview:large, max-video-preview:-1\" \/>\n<link rel=\"canonical\" href=\"https:\/\/kneesolution.com\/fr\/produit\/pack-de-glace-reutilisable\/\" \/>\n<meta property=\"og:locale\" content=\"fr_FR\" \/>\n<meta property=\"og:type\" content=\"article\" \/>\n<meta property=\"og:title\" content=\"Pack de glace r\u00e9utilisable - chaud\/froid avec sangles - pour les genoux, les chevilles et la r\u00e9cup\u00e9ration sportive - Retour gratuit- KneeSolution.\" \/>\n<meta property=\"og:description\" content=\"Acc\u00e9l\u00e9rez votre r\u00e9tablissement gr\u00e2ce \u00e0 cette poche de glace 2 en 1 r\u00e9utilisable. Dot\u00e9 de sangles \u00e9lastiques r\u00e9glables, il reste en place pour une th\u00e9rapie chaude\/froide efficace et mains libres.\" \/>\n<meta property=\"og:url\" content=\"https:\/\/kneesolution.com\/fr\/produit\/pack-de-glace-reutilisable\/\" \/>\n<meta property=\"og:site_name\" content=\"KneeSolution\" \/>\n<meta property=\"article:modified_time\" content=\"2026-02-05T19:59:41+00:00\" \/>\n<meta property=\"og:image\" content=\"https:\/\/kneesolution.com\/wp-content\/uploads\/2025\/05\/ca12172595dd1849d661b54b18fd7d97.png\" \/>\n\t<meta property=\"og:image:width\" content=\"800\" \/>\n\t<meta property=\"og:image:height\" content=\"800\" \/>\n\t<meta property=\"og:image:type\" content=\"image\/png\" \/>\n<meta name=\"twitter:card\" content=\"summary_large_image\" \/>\n<meta name=\"twitter:label1\" content=\"Dur\u00e9e de lecture estim\u00e9e\" \/>\n\t<meta name=\"twitter:data1\" content=\"3 minutes\" \/>\n<script type=\"application\/ld+json\" class=\"yoast-schema-graph\">{\"@context\":\"https:\\\/\\\/schema.org\",\"@graph\":[{\"@type\":\"WebPage\",\"@id\":\"https:\\\/\\\/kneesolution.com\\\/fr\\\/produit\\\/pack-de-glace-reutilisable\\\/\",\"url\":\"https:\\\/\\\/kneesolution.com\\\/fr\\\/produit\\\/pack-de-glace-reutilisable\\\/\",\"name\":\"Pack de glace r\u00e9utilisable - chaud\\\/froid avec sangles - pour les genoux, les chevilles et la r\u00e9cup\u00e9ration sportive - Retour gratuit- KneeSolution.\",\"isPartOf\":{\"@id\":\"https:\\\/\\\/kneesolution.com\\\/fr\\\/#website\"},\"primaryImageOfPage\":{\"@id\":\"https:\\\/\\\/kneesolution.com\\\/fr\\\/produit\\\/pack-de-glace-reutilisable\\\/#primaryimage\"},\"image\":{\"@id\":\"https:\\\/\\\/kneesolution.com\\\/fr\\\/produit\\\/pack-de-glace-reutilisable\\\/#primaryimage\"},\"thumbnailUrl\":\"https:\\\/\\\/kneesolution.com\\\/wp-content\\\/uploads\\\/2025\\\/05\\\/ca12172595dd1849d661b54b18fd7d97.png\",\"datePublished\":\"2025-05-19T07:24:06+00:00\",\"dateModified\":\"2026-02-05T19:59:41+00:00\",\"description\":\"Acc\u00e9l\u00e9rez votre r\u00e9tablissement gr\u00e2ce \u00e0 cette poche de glace 2 en 1 r\u00e9utilisable. Dot\u00e9 de sangles \u00e9lastiques r\u00e9glables, il reste en place pour une th\u00e9rapie chaude\\\/froide efficace et mains libres.\",\"breadcrumb\":{\"@id\":\"https:\\\/\\\/kneesolution.com\\\/fr\\\/produit\\\/pack-de-glace-reutilisable\\\/#breadcrumb\"},\"inLanguage\":\"fr-FR\",\"potentialAction\":[{\"@type\":\"ReadAction\",\"target\":[\"https:\\\/\\\/kneesolution.com\\\/fr\\\/produit\\\/pack-de-glace-reutilisable\\\/\"]}]},{\"@type\":\"ImageObject\",\"inLanguage\":\"fr-FR\",\"@id\":\"https:\\\/\\\/kneesolution.com\\\/fr\\\/produit\\\/pack-de-glace-reutilisable\\\/#primaryimage\",\"url\":\"https:\\\/\\\/kneesolution.com\\\/wp-content\\\/uploads\\\/2025\\\/05\\\/ca12172595dd1849d661b54b18fd7d97.png\",\"contentUrl\":\"https:\\\/\\\/kneesolution.com\\\/wp-content\\\/uploads\\\/2025\\\/05\\\/ca12172595dd1849d661b54b18fd7d97.png\",\"width\":800,\"height\":800},{\"@type\":\"BreadcrumbList\",\"@id\":\"https:\\\/\\\/kneesolution.com\\\/fr\\\/produit\\\/pack-de-glace-reutilisable\\\/#breadcrumb\",\"itemListElement\":[{\"@type\":\"ListItem\",\"position\":1,\"name\":\"Accueil\",\"item\":\"https:\\\/\\\/kneesolution.com\\\/fr\\\/\"},{\"@type\":\"ListItem\",\"position\":2,\"name\":\"Nos produits\",\"item\":\"https:\\\/\\\/kneesolution.com\\\/fr\\\/nos-produits-genouilleres-sport\\\/\"},{\"@type\":\"ListItem\",\"position\":3,\"name\":\"Pack de glace r\u00e9utilisable &#8211; chaud\\\/froid avec sangles &#8211; pour les genoux, les chevilles et la r\u00e9cup\u00e9ration sportive\"}]},{\"@type\":\"WebSite\",\"@id\":\"https:\\\/\\\/kneesolution.com\\\/fr\\\/#website\",\"url\":\"https:\\\/\\\/kneesolution.com\\\/fr\\\/\",\"name\":\"KneeSolution\",\"description\":\"Because Every Step Matters\",\"publisher\":{\"@id\":\"https:\\\/\\\/kneesolution.com\\\/fr\\\/#organization\"},\"alternateName\":\"KneeSolution\",\"potentialAction\":[{\"@type\":\"SearchAction\",\"target\":{\"@type\":\"EntryPoint\",\"urlTemplate\":\"https:\\\/\\\/kneesolution.com\\\/fr\\\/?s={search_term_string}\"},\"query-input\":{\"@type\":\"PropertyValueSpecification\",\"valueRequired\":true,\"valueName\":\"search_term_string\"}}],\"inLanguage\":\"fr-FR\"},{\"@type\":\"Organization\",\"@id\":\"https:\\\/\\\/kneesolution.com\\\/fr\\\/#organization\",\"name\":\"GenouSolution\",\"url\":\"https:\\\/\\\/kneesolution.com\\\/fr\\\/\",\"logo\":{\"@type\":\"ImageObject\",\"inLanguage\":\"fr-FR\",\"@id\":\"https:\\\/\\\/kneesolution.com\\\/fr\\\/#\\\/schema\\\/logo\\\/image\\\/\",\"url\":\"https:\\\/\\\/kneesolution.com\\\/wp-content\\\/uploads\\\/2025\\\/05\\\/Knee-Solutions.gif\",\"contentUrl\":\"https:\\\/\\\/kneesolution.com\\\/wp-content\\\/uploads\\\/2025\\\/05\\\/Knee-Solutions.gif\",\"width\":445,\"height\":505,\"caption\":\"GenouSolution\"},\"image\":{\"@id\":\"https:\\\/\\\/kneesolution.com\\\/fr\\\/#\\\/schema\\\/logo\\\/image\\\/\"}}]}<\/script>\n<!-- \/ Yoast SEO plugin. -->","yoast_head_json":{"title":"Pack de glace r\u00e9utilisable - chaud\/froid avec sangles - pour les genoux, les chevilles et la r\u00e9cup\u00e9ration sportive - Retour gratuit- KneeSolution.","description":"Acc\u00e9l\u00e9rez votre r\u00e9tablissement gr\u00e2ce \u00e0 cette poche de glace 2 en 1 r\u00e9utilisable. Dot\u00e9 de sangles \u00e9lastiques r\u00e9glables, il reste en place pour une th\u00e9rapie chaude\/froide efficace et mains libres.","robots":{"index":"index","follow":"follow","max-snippet":"max-snippet:-1","max-image-preview":"max-image-preview:large","max-video-preview":"max-video-preview:-1"},"canonical":"https:\/\/kneesolution.com\/fr\/produit\/pack-de-glace-reutilisable\/","og_locale":"fr_FR","og_type":"article","og_title":"Pack de glace r\u00e9utilisable - chaud\/froid avec sangles - pour les genoux, les chevilles et la r\u00e9cup\u00e9ration sportive - Retour gratuit- KneeSolution.","og_description":"Acc\u00e9l\u00e9rez votre r\u00e9tablissement gr\u00e2ce \u00e0 cette poche de glace 2 en 1 r\u00e9utilisable. Dot\u00e9 de sangles \u00e9lastiques r\u00e9glables, il reste en place pour une th\u00e9rapie chaude\/froide efficace et mains libres.","og_url":"https:\/\/kneesolution.com\/fr\/produit\/pack-de-glace-reutilisable\/","og_site_name":"KneeSolution","article_modified_time":"2026-02-05T19:59:41+00:00","og_image":[{"width":800,"height":800,"url":"https:\/\/kneesolution.com\/wp-content\/uploads\/2025\/05\/ca12172595dd1849d661b54b18fd7d97.png","type":"image\/png"}],"twitter_card":"summary_large_image","twitter_misc":{"Dur\u00e9e de lecture estim\u00e9e":"3 minutes"},"schema":{"@context":"https:\/\/schema.org","@graph":[{"@type":"WebPage","@id":"https:\/\/kneesolution.com\/fr\/produit\/pack-de-glace-reutilisable\/","url":"https:\/\/kneesolution.com\/fr\/produit\/pack-de-glace-reutilisable\/","name":"Pack de glace r\u00e9utilisable - chaud\/froid avec sangles - pour les genoux, les chevilles et la r\u00e9cup\u00e9ration sportive - Retour gratuit- KneeSolution.","isPartOf":{"@id":"https:\/\/kneesolution.com\/fr\/#website"},"primaryImageOfPage":{"@id":"https:\/\/kneesolution.com\/fr\/produit\/pack-de-glace-reutilisable\/#primaryimage"},"image":{"@id":"https:\/\/kneesolution.com\/fr\/produit\/pack-de-glace-reutilisable\/#primaryimage"},"thumbnailUrl":"https:\/\/kneesolution.com\/wp-content\/uploads\/2025\/05\/ca12172595dd1849d661b54b18fd7d97.png","datePublished":"2025-05-19T07:24:06+00:00","dateModified":"2026-02-05T19:59:41+00:00","description":"Acc\u00e9l\u00e9rez votre r\u00e9tablissement gr\u00e2ce \u00e0 cette poche de glace 2 en 1 r\u00e9utilisable. Dot\u00e9 de sangles \u00e9lastiques r\u00e9glables, il reste en place pour une th\u00e9rapie chaude\/froide efficace et mains libres.","breadcrumb":{"@id":"https:\/\/kneesolution.com\/fr\/produit\/pack-de-glace-reutilisable\/#breadcrumb"},"inLanguage":"fr-FR","potentialAction":[{"@type":"ReadAction","target":["https:\/\/kneesolution.com\/fr\/produit\/pack-de-glace-reutilisable\/"]}]},{"@type":"ImageObject","inLanguage":"fr-FR","@id":"https:\/\/kneesolution.com\/fr\/produit\/pack-de-glace-reutilisable\/#primaryimage","url":"https:\/\/kneesolution.com\/wp-content\/uploads\/2025\/05\/ca12172595dd1849d661b54b18fd7d97.png","contentUrl":"https:\/\/kneesolution.com\/wp-content\/uploads\/2025\/05\/ca12172595dd1849d661b54b18fd7d97.png","width":800,"height":800},{"@type":"BreadcrumbList","@id":"https:\/\/kneesolution.com\/fr\/produit\/pack-de-glace-reutilisable\/#breadcrumb","itemListElement":[{"@type":"ListItem","position":1,"name":"Accueil","item":"https:\/\/kneesolution.com\/fr\/"},{"@type":"ListItem","position":2,"name":"Nos produits","item":"https:\/\/kneesolution.com\/fr\/nos-produits-genouilleres-sport\/"},{"@type":"ListItem","position":3,"name":"Pack de glace r\u00e9utilisable &#8211; chaud\/froid avec sangles &#8211; pour les genoux, les chevilles et la r\u00e9cup\u00e9ration sportive"}]},{"@type":"WebSite","@id":"https:\/\/kneesolution.com\/fr\/#website","url":"https:\/\/kneesolution.com\/fr\/","name":"KneeSolution","description":"Because Every Step Matters","publisher":{"@id":"https:\/\/kneesolution.com\/fr\/#organization"},"alternateName":"KneeSolution","potentialAction":[{"@type":"SearchAction","target":{"@type":"EntryPoint","urlTemplate":"https:\/\/kneesolution.com\/fr\/?s={search_term_string}"},"query-input":{"@type":"PropertyValueSpecification","valueRequired":true,"valueName":"search_term_string"}}],"inLanguage":"fr-FR"},{"@type":"Organization","@id":"https:\/\/kneesolution.com\/fr\/#organization","name":"GenouSolution","url":"https:\/\/kneesolution.com\/fr\/","logo":{"@type":"ImageObject","inLanguage":"fr-FR","@id":"https:\/\/kneesolution.com\/fr\/#\/schema\/logo\/image\/","url":"https:\/\/kneesolution.com\/wp-content\/uploads\/2025\/05\/Knee-Solutions.gif","contentUrl":"https:\/\/kneesolution.com\/wp-content\/uploads\/2025\/05\/Knee-Solutions.gif","width":445,"height":505,"caption":"GenouSolution"},"image":{"@id":"https:\/\/kneesolution.com\/fr\/#\/schema\/logo\/image\/"}}]}},"_links":{"self":[{"href":"https:\/\/kneesolution.com\/fr\/wp-json\/wp\/v2\/product\/1569","targetHints":{"allow":["GET"]}}],"collection":[{"href":"https:\/\/kneesolution.com\/fr\/wp-json\/wp\/v2\/product"}],"about":[{"href":"https:\/\/kneesolution.com\/fr\/wp-json\/wp\/v2\/types\/product"}],"replies":[{"embeddable":true,"href":"https:\/\/kneesolution.com\/fr\/wp-json\/wp\/v2\/comments?post=1569"}],"version-history":[{"count":10,"href":"https:\/\/kneesolution.com\/fr\/wp-json\/wp\/v2\/product\/1569\/revisions"}],"predecessor-version":[{"id":3173,"href":"https:\/\/kneesolution.com\/fr\/wp-json\/wp\/v2\/product\/1569\/revisions\/3173"}],"wp:featuredmedia":[{"embeddable":true,"href":"https:\/\/kneesolution.com\/fr\/wp-json\/wp\/v2\/media\/1341"}],"wp:attachment":[{"href":"https:\/\/kneesolution.com\/fr\/wp-json\/wp\/v2\/media?parent=1569"}],"wp:term":[{"taxonomy":"product_brand","embeddable":true,"href":"https:\/\/kneesolution.com\/fr\/wp-json\/wp\/v2\/product_brand?post=1569"},{"taxonomy":"product_cat","embeddable":true,"href":"https:\/\/kneesolution.com\/fr\/wp-json\/wp\/v2\/product_cat?post=1569"},{"taxonomy":"product_tag","embeddable":true,"href":"https:\/\/kneesolution.com\/fr\/wp-json\/wp\/v2\/product_tag?post=1569"}],"curies":[{"name":"wp","href":"https:\/\/api.w.org\/{rel}","templated":true}]}}