{"id":1570,"date":"2025-05-19T07:23:33","date_gmt":"2025-05-19T07:23:33","guid":{"rendered":"https:\/\/kneesolution.com\/product\/ceinture-de-genoux-chauffante-reglable\/"},"modified":"2026-02-05T19:59:41","modified_gmt":"2026-02-05T19:59:41","slug":"ceinture-de-genoux-chauffante-reglable","status":"publish","type":"product","link":"https:\/\/kneesolution.com\/fr\/produit\/ceinture-de-genoux-chauffante-reglable\/","title":{"rendered":"Enveloppe chauffante USB pour genoux - 3 niveaux de chaleur r\u00e9glables - Pour la relaxation et la r\u00e9cup\u00e9ration musculaire"},"content":{"rendered":"<h1>\ud83d\udd25Soulagez vos genoux avec cette \u00e9charpe chauffante USB r\u00e9glable. 3 niveaux de temp\u00e9rature pour une chaleur personnalis\u00e9e et apaisante. Portable et pratique, branchez-le n&rsquo;importe o\u00f9.  <\/h1>\n<h2><strong>Vos avantages concrets :<\/strong><\/h2>\n<ul>\n<li>\n<h2>\u27053<span style=\"color: #333333; font-size: 16px;\">niveaux de chaleur r\u00e9glables selon vos besoins<\/span><\/h2>\n<\/li>\n<li>\n<h2>R\u00e9chauffe<span style=\"color: #333333; font-size: 16px;\">en seulement 2 minutes<\/span><\/h2>\n<\/li>\n<li>\n<h2>\u2705Imprime la<span style=\"color: #333333; font-size: 16px;\">circulation sanguine autour du genou<\/span><\/h2>\n<\/li>\n<li>\n<h2>\u2705Promouvoir la<span style=\"color: #333333; font-size: 16px;\">relaxation musculaire et la souplesse<\/span><\/h2>\n<\/li>\n<li>\n<h2><span style=\"color: #333333; font-size: 16px;\">La chaleur<\/span> p\u00e9n\u00e9trante<span style=\"color: #333333; font-size: 16px;\">est r\u00e9partie uniform\u00e9ment<\/span><\/h2>\n<\/li>\n<\/ul>\n<h2><strong>Technologie avanc\u00e9e :<\/strong><\/h2>\n<ul>\n<li>\u00c9l\u00e9ments chauffants en fibre de carbone<\/li>\n<li>Distribution uniforme sans points chauds<\/li>\n<li>Indicateurs LED pour contr\u00f4ler la temp\u00e9rature<\/li>\n<li>Arr\u00eat automatique pour la s\u00e9curit\u00e9<\/li>\n<li>Contr\u00f4le intelligent de la temp\u00e9rature<\/li>\n<\/ul>\n<h2><strong>Alimentation USB pratique :<\/strong><\/h2>\n<p>Se branche sur un ordinateur portable, un chargeur mural ou une banque d&rsquo;alimentation. \u00c0 utiliser \u00e0 la maison, au bureau, en d\u00e9placement ou en voyage. <\/p>\n<h2><strong>Confort et s\u00e9curit\u00e9 :<\/strong><\/h2>\n<ul>\n<li>Tissu respirant doux pour la peau<\/li>\n<li>Bandes velcro r\u00e9glables pour tous les types de corps<\/li>\n<li>Fonctionnement silencieux et discret<\/li>\n<li>Doublure int\u00e9rieure imperm\u00e9able<\/li>\n<li>Couche ext\u00e9rieure lavable<\/li>\n<\/ul>\n<h2><strong>Utilisation polyvalente :<\/strong><\/h2>\n<p>Id\u00e9al apr\u00e8s le sport, pendant le travail, pour se d\u00e9tendre \u00e0 la maison ou pour am\u00e9liorer sa mobilit\u00e9 quotidienne. Parfait \u00e9galement pendant les p\u00e9riodes de froid. <\/p>\n<h2><strong>Qualit\u00e9 m\u00e9dicale :<\/strong><\/h2>\n<p>Mat\u00e9riaux durables de qualit\u00e9 professionnelle. Port USB renforc\u00e9 pour une utilisation \u00e0 long terme. Solution non m\u00e9dicamenteuse pour le confort des articulations.  <\/p>\n<h2><strong>La th\u00e9rapie par la chaleur r\u00e9volutionnaire pour un meilleur bien-\u00eatre<\/strong><\/h2>\n<p>Faites l&rsquo;exp\u00e9rience d&rsquo;un confort apaisant gr\u00e2ce \u00e0 la <strong>ceinture de genoux chauffante r\u00e9glable<\/strong>, une genouill\u00e8re aliment\u00e9e par USB con\u00e7ue pour fournir une <strong>th\u00e9rapie thermique<\/strong> avanc\u00e9e <strong>pour le soutien des genoux<\/strong>. Qu&rsquo;il s&rsquo;agisse de maintenir un style de vie actif, de soutenir votre routine post-entra\u00eenement ou d&rsquo;am\u00e9liorer votre confort quotidien, cet appareil intelligent d\u00e9livre une chaleur profonde qui favorise la circulation, la relaxation musculaire et le bien-\u00eatre naturel. Gr\u00e2ce \u00e0 son design ergonomique et \u00e0 sa compatibilit\u00e9 USB portable, vous pouvez le brancher sur un ordinateur portable, un chargeur mural ou une banque d&rsquo;alimentation pour b\u00e9n\u00e9ficier d&rsquo;un confort instantan\u00e9 o\u00f9 que vous soyez. Id\u00e9al pour les athl\u00e8tes, les personnes actives ou toute personne recherchant un soutien articulaire, il s&rsquo;enroule en toute s\u00e9curit\u00e9 autour de votre genou, transformant le temps de repos en temps de r\u00e9cup\u00e9ration.   <\/p>\n<h2>\u2705 <strong>Construit pour durer : conception durable et confortable<\/strong><\/h2>\n<p>Fabriqu\u00e9e avec des mat\u00e9riaux durables de qualit\u00e9 professionnelle, la ceinture de genoux chauffante r\u00e9glable est con\u00e7ue pour un usage r\u00e9gulier. Son port USB renforc\u00e9, sa couche ext\u00e9rieure lavable et sa doublure int\u00e9rieure imperm\u00e9able la rendent fiable et hygi\u00e9nique. Les sangles Velcro r\u00e9glables garantissent un ajustement s\u00fbr et personnalis\u00e9 pour tous les types de corps. Que vous souhaitiez soutenir votre routine post-entra\u00eenement, maintenir le confort de vos articulations ou rechercher la chaleur pendant les mois froids, cette ceinture offre une am\u00e9lioration naturelle et non invasive du confort. Silencieuse et discr\u00e8te, elle est parfaite pour une utilisation \u00e0 la maison, au bureau ou en voyage.    <\/p>\n<p>Garantie <strong>KneeSolution<\/strong>: retours et \u00e9changes gratuits<\/p>\n","protected":false},"excerpt":{"rendered":"<p>\ud83d\udd25Soulagez vos genoux avec cette \u00e9charpe chauffante USB r\u00e9glable. 3 niveaux de temp\u00e9rature pour une chaleur personnalis\u00e9e et apaisante. Portable<\/p>\n","protected":false},"featured_media":1336,"comment_status":"open","ping_status":"closed","template":"","meta":[],"product_brand":[],"product_cat":[56],"product_tag":[],"class_list":{"0":"post-1570","1":"product","2":"type-product","3":"status-publish","4":"has-post-thumbnail","6":"product_cat-recuperation-du-genou","8":"first","9":"instock","10":"sale","11":"taxable","12":"shipping-taxable","13":"purchasable","14":"product-type-simple"},"yoast_head":"<!-- This site is optimized with the Yoast SEO plugin v27.4 - https:\/\/yoast.com\/product\/yoast-seo-wordpress\/ -->\n<title>Enveloppe chauffante USB pour genoux - 3 niveaux de chaleur r\u00e9glables - Pour la relaxation et la r\u00e9cup\u00e9ration musculaire - Livraison gratuite - KneeSolution%.<\/title>\n<meta name=\"description\" content=\"Soulagez vos genoux avec cette \u00e9charpe chauffante USB r\u00e9glable. 3 niveaux de temp\u00e9rature pour une chaleur personnalis\u00e9e et apaisante. Portable et pratique, il peut \u00eatre branch\u00e9 n&#039;importe o\u00f9.\" \/>\n<meta name=\"robots\" content=\"index, follow, max-snippet:-1, max-image-preview:large, max-video-preview:-1\" \/>\n<link rel=\"canonical\" href=\"https:\/\/kneesolution.com\/fr\/produit\/ceinture-de-genoux-chauffante-reglable\/\" \/>\n<meta property=\"og:locale\" content=\"fr_FR\" \/>\n<meta property=\"og:type\" content=\"article\" \/>\n<meta property=\"og:title\" content=\"Enveloppe chauffante USB pour genoux - 3 niveaux de chaleur r\u00e9glables - Pour la relaxation et la r\u00e9cup\u00e9ration musculaire - Livraison gratuite - KneeSolution%.\" \/>\n<meta property=\"og:description\" content=\"Soulagez vos genoux avec cette \u00e9charpe chauffante USB r\u00e9glable. 3 niveaux de temp\u00e9rature pour une chaleur personnalis\u00e9e et apaisante. Portable et pratique, il peut \u00eatre branch\u00e9 n&#039;importe o\u00f9.\" \/>\n<meta property=\"og:url\" content=\"https:\/\/kneesolution.com\/fr\/produit\/ceinture-de-genoux-chauffante-reglable\/\" \/>\n<meta property=\"og:site_name\" content=\"KneeSolution\" \/>\n<meta property=\"article:modified_time\" content=\"2026-02-05T19:59:41+00:00\" \/>\n<meta property=\"og:image\" content=\"https:\/\/kneesolution.com\/wp-content\/uploads\/2025\/05\/e5fb7f055b9e646402a1e4229f448913.png\" \/>\n\t<meta property=\"og:image:width\" content=\"800\" \/>\n\t<meta property=\"og:image:height\" content=\"800\" \/>\n\t<meta property=\"og:image:type\" content=\"image\/png\" \/>\n<meta name=\"twitter:card\" content=\"summary_large_image\" \/>\n<meta name=\"twitter:label1\" content=\"Dur\u00e9e de lecture estim\u00e9e\" \/>\n\t<meta name=\"twitter:data1\" content=\"3 minutes\" \/>\n<script type=\"application\/ld+json\" class=\"yoast-schema-graph\">{\"@context\":\"https:\\\/\\\/schema.org\",\"@graph\":[{\"@type\":\"WebPage\",\"@id\":\"https:\\\/\\\/kneesolution.com\\\/fr\\\/produit\\\/ceinture-de-genoux-chauffante-reglable\\\/\",\"url\":\"https:\\\/\\\/kneesolution.com\\\/fr\\\/produit\\\/ceinture-de-genoux-chauffante-reglable\\\/\",\"name\":\"Enveloppe chauffante USB pour genoux - 3 niveaux de chaleur r\u00e9glables - Pour la relaxation et la r\u00e9cup\u00e9ration musculaire - Livraison gratuite - KneeSolution%.\",\"isPartOf\":{\"@id\":\"https:\\\/\\\/kneesolution.com\\\/fr\\\/#website\"},\"primaryImageOfPage\":{\"@id\":\"https:\\\/\\\/kneesolution.com\\\/fr\\\/produit\\\/ceinture-de-genoux-chauffante-reglable\\\/#primaryimage\"},\"image\":{\"@id\":\"https:\\\/\\\/kneesolution.com\\\/fr\\\/produit\\\/ceinture-de-genoux-chauffante-reglable\\\/#primaryimage\"},\"thumbnailUrl\":\"https:\\\/\\\/kneesolution.com\\\/wp-content\\\/uploads\\\/2025\\\/05\\\/e5fb7f055b9e646402a1e4229f448913.png\",\"datePublished\":\"2025-05-19T07:23:33+00:00\",\"dateModified\":\"2026-02-05T19:59:41+00:00\",\"description\":\"Soulagez vos genoux avec cette \u00e9charpe chauffante USB r\u00e9glable. 3 niveaux de temp\u00e9rature pour une chaleur personnalis\u00e9e et apaisante. Portable et pratique, il peut \u00eatre branch\u00e9 n'importe o\u00f9.\",\"breadcrumb\":{\"@id\":\"https:\\\/\\\/kneesolution.com\\\/fr\\\/produit\\\/ceinture-de-genoux-chauffante-reglable\\\/#breadcrumb\"},\"inLanguage\":\"fr-FR\",\"potentialAction\":[{\"@type\":\"ReadAction\",\"target\":[\"https:\\\/\\\/kneesolution.com\\\/fr\\\/produit\\\/ceinture-de-genoux-chauffante-reglable\\\/\"]}]},{\"@type\":\"ImageObject\",\"inLanguage\":\"fr-FR\",\"@id\":\"https:\\\/\\\/kneesolution.com\\\/fr\\\/produit\\\/ceinture-de-genoux-chauffante-reglable\\\/#primaryimage\",\"url\":\"https:\\\/\\\/kneesolution.com\\\/wp-content\\\/uploads\\\/2025\\\/05\\\/e5fb7f055b9e646402a1e4229f448913.png\",\"contentUrl\":\"https:\\\/\\\/kneesolution.com\\\/wp-content\\\/uploads\\\/2025\\\/05\\\/e5fb7f055b9e646402a1e4229f448913.png\",\"width\":800,\"height\":800},{\"@type\":\"BreadcrumbList\",\"@id\":\"https:\\\/\\\/kneesolution.com\\\/fr\\\/produit\\\/ceinture-de-genoux-chauffante-reglable\\\/#breadcrumb\",\"itemListElement\":[{\"@type\":\"ListItem\",\"position\":1,\"name\":\"Accueil\",\"item\":\"https:\\\/\\\/kneesolution.com\\\/fr\\\/\"},{\"@type\":\"ListItem\",\"position\":2,\"name\":\"Nos produits\",\"item\":\"https:\\\/\\\/kneesolution.com\\\/fr\\\/nos-produits-genouilleres-sport\\\/\"},{\"@type\":\"ListItem\",\"position\":3,\"name\":\"Enveloppe chauffante USB pour genoux &#8211; 3 niveaux de chaleur r\u00e9glables &#8211; Pour la relaxation et la r\u00e9cup\u00e9ration musculaire\"}]},{\"@type\":\"WebSite\",\"@id\":\"https:\\\/\\\/kneesolution.com\\\/fr\\\/#website\",\"url\":\"https:\\\/\\\/kneesolution.com\\\/fr\\\/\",\"name\":\"KneeSolution\",\"description\":\"Because Every Step Matters\",\"publisher\":{\"@id\":\"https:\\\/\\\/kneesolution.com\\\/fr\\\/#organization\"},\"alternateName\":\"KneeSolution\",\"potentialAction\":[{\"@type\":\"SearchAction\",\"target\":{\"@type\":\"EntryPoint\",\"urlTemplate\":\"https:\\\/\\\/kneesolution.com\\\/fr\\\/?s={search_term_string}\"},\"query-input\":{\"@type\":\"PropertyValueSpecification\",\"valueRequired\":true,\"valueName\":\"search_term_string\"}}],\"inLanguage\":\"fr-FR\"},{\"@type\":\"Organization\",\"@id\":\"https:\\\/\\\/kneesolution.com\\\/fr\\\/#organization\",\"name\":\"GenouSolution\",\"url\":\"https:\\\/\\\/kneesolution.com\\\/fr\\\/\",\"logo\":{\"@type\":\"ImageObject\",\"inLanguage\":\"fr-FR\",\"@id\":\"https:\\\/\\\/kneesolution.com\\\/fr\\\/#\\\/schema\\\/logo\\\/image\\\/\",\"url\":\"https:\\\/\\\/kneesolution.com\\\/wp-content\\\/uploads\\\/2025\\\/05\\\/Knee-Solutions.gif\",\"contentUrl\":\"https:\\\/\\\/kneesolution.com\\\/wp-content\\\/uploads\\\/2025\\\/05\\\/Knee-Solutions.gif\",\"width\":445,\"height\":505,\"caption\":\"GenouSolution\"},\"image\":{\"@id\":\"https:\\\/\\\/kneesolution.com\\\/fr\\\/#\\\/schema\\\/logo\\\/image\\\/\"}}]}<\/script>\n<!-- \/ Yoast SEO plugin. -->","yoast_head_json":{"title":"Enveloppe chauffante USB pour genoux - 3 niveaux de chaleur r\u00e9glables - Pour la relaxation et la r\u00e9cup\u00e9ration musculaire - Livraison gratuite - KneeSolution%.","description":"Soulagez vos genoux avec cette \u00e9charpe chauffante USB r\u00e9glable. 3 niveaux de temp\u00e9rature pour une chaleur personnalis\u00e9e et apaisante. Portable et pratique, il peut \u00eatre branch\u00e9 n'importe o\u00f9.","robots":{"index":"index","follow":"follow","max-snippet":"max-snippet:-1","max-image-preview":"max-image-preview:large","max-video-preview":"max-video-preview:-1"},"canonical":"https:\/\/kneesolution.com\/fr\/produit\/ceinture-de-genoux-chauffante-reglable\/","og_locale":"fr_FR","og_type":"article","og_title":"Enveloppe chauffante USB pour genoux - 3 niveaux de chaleur r\u00e9glables - Pour la relaxation et la r\u00e9cup\u00e9ration musculaire - Livraison gratuite - KneeSolution%.","og_description":"Soulagez vos genoux avec cette \u00e9charpe chauffante USB r\u00e9glable. 3 niveaux de temp\u00e9rature pour une chaleur personnalis\u00e9e et apaisante. Portable et pratique, il peut \u00eatre branch\u00e9 n'importe o\u00f9.","og_url":"https:\/\/kneesolution.com\/fr\/produit\/ceinture-de-genoux-chauffante-reglable\/","og_site_name":"KneeSolution","article_modified_time":"2026-02-05T19:59:41+00:00","og_image":[{"width":800,"height":800,"url":"https:\/\/kneesolution.com\/wp-content\/uploads\/2025\/05\/e5fb7f055b9e646402a1e4229f448913.png","type":"image\/png"}],"twitter_card":"summary_large_image","twitter_misc":{"Dur\u00e9e de lecture estim\u00e9e":"3 minutes"},"schema":{"@context":"https:\/\/schema.org","@graph":[{"@type":"WebPage","@id":"https:\/\/kneesolution.com\/fr\/produit\/ceinture-de-genoux-chauffante-reglable\/","url":"https:\/\/kneesolution.com\/fr\/produit\/ceinture-de-genoux-chauffante-reglable\/","name":"Enveloppe chauffante USB pour genoux - 3 niveaux de chaleur r\u00e9glables - Pour la relaxation et la r\u00e9cup\u00e9ration musculaire - Livraison gratuite - KneeSolution%.","isPartOf":{"@id":"https:\/\/kneesolution.com\/fr\/#website"},"primaryImageOfPage":{"@id":"https:\/\/kneesolution.com\/fr\/produit\/ceinture-de-genoux-chauffante-reglable\/#primaryimage"},"image":{"@id":"https:\/\/kneesolution.com\/fr\/produit\/ceinture-de-genoux-chauffante-reglable\/#primaryimage"},"thumbnailUrl":"https:\/\/kneesolution.com\/wp-content\/uploads\/2025\/05\/e5fb7f055b9e646402a1e4229f448913.png","datePublished":"2025-05-19T07:23:33+00:00","dateModified":"2026-02-05T19:59:41+00:00","description":"Soulagez vos genoux avec cette \u00e9charpe chauffante USB r\u00e9glable. 3 niveaux de temp\u00e9rature pour une chaleur personnalis\u00e9e et apaisante. Portable et pratique, il peut \u00eatre branch\u00e9 n'importe o\u00f9.","breadcrumb":{"@id":"https:\/\/kneesolution.com\/fr\/produit\/ceinture-de-genoux-chauffante-reglable\/#breadcrumb"},"inLanguage":"fr-FR","potentialAction":[{"@type":"ReadAction","target":["https:\/\/kneesolution.com\/fr\/produit\/ceinture-de-genoux-chauffante-reglable\/"]}]},{"@type":"ImageObject","inLanguage":"fr-FR","@id":"https:\/\/kneesolution.com\/fr\/produit\/ceinture-de-genoux-chauffante-reglable\/#primaryimage","url":"https:\/\/kneesolution.com\/wp-content\/uploads\/2025\/05\/e5fb7f055b9e646402a1e4229f448913.png","contentUrl":"https:\/\/kneesolution.com\/wp-content\/uploads\/2025\/05\/e5fb7f055b9e646402a1e4229f448913.png","width":800,"height":800},{"@type":"BreadcrumbList","@id":"https:\/\/kneesolution.com\/fr\/produit\/ceinture-de-genoux-chauffante-reglable\/#breadcrumb","itemListElement":[{"@type":"ListItem","position":1,"name":"Accueil","item":"https:\/\/kneesolution.com\/fr\/"},{"@type":"ListItem","position":2,"name":"Nos produits","item":"https:\/\/kneesolution.com\/fr\/nos-produits-genouilleres-sport\/"},{"@type":"ListItem","position":3,"name":"Enveloppe chauffante USB pour genoux &#8211; 3 niveaux de chaleur r\u00e9glables &#8211; Pour la relaxation et la r\u00e9cup\u00e9ration musculaire"}]},{"@type":"WebSite","@id":"https:\/\/kneesolution.com\/fr\/#website","url":"https:\/\/kneesolution.com\/fr\/","name":"KneeSolution","description":"Because Every Step Matters","publisher":{"@id":"https:\/\/kneesolution.com\/fr\/#organization"},"alternateName":"KneeSolution","potentialAction":[{"@type":"SearchAction","target":{"@type":"EntryPoint","urlTemplate":"https:\/\/kneesolution.com\/fr\/?s={search_term_string}"},"query-input":{"@type":"PropertyValueSpecification","valueRequired":true,"valueName":"search_term_string"}}],"inLanguage":"fr-FR"},{"@type":"Organization","@id":"https:\/\/kneesolution.com\/fr\/#organization","name":"GenouSolution","url":"https:\/\/kneesolution.com\/fr\/","logo":{"@type":"ImageObject","inLanguage":"fr-FR","@id":"https:\/\/kneesolution.com\/fr\/#\/schema\/logo\/image\/","url":"https:\/\/kneesolution.com\/wp-content\/uploads\/2025\/05\/Knee-Solutions.gif","contentUrl":"https:\/\/kneesolution.com\/wp-content\/uploads\/2025\/05\/Knee-Solutions.gif","width":445,"height":505,"caption":"GenouSolution"},"image":{"@id":"https:\/\/kneesolution.com\/fr\/#\/schema\/logo\/image\/"}}]}},"_links":{"self":[{"href":"https:\/\/kneesolution.com\/fr\/wp-json\/wp\/v2\/product\/1570","targetHints":{"allow":["GET"]}}],"collection":[{"href":"https:\/\/kneesolution.com\/fr\/wp-json\/wp\/v2\/product"}],"about":[{"href":"https:\/\/kneesolution.com\/fr\/wp-json\/wp\/v2\/types\/product"}],"replies":[{"embeddable":true,"href":"https:\/\/kneesolution.com\/fr\/wp-json\/wp\/v2\/comments?post=1570"}],"version-history":[{"count":6,"href":"https:\/\/kneesolution.com\/fr\/wp-json\/wp\/v2\/product\/1570\/revisions"}],"predecessor-version":[{"id":3162,"href":"https:\/\/kneesolution.com\/fr\/wp-json\/wp\/v2\/product\/1570\/revisions\/3162"}],"wp:featuredmedia":[{"embeddable":true,"href":"https:\/\/kneesolution.com\/fr\/wp-json\/wp\/v2\/media\/1336"}],"wp:attachment":[{"href":"https:\/\/kneesolution.com\/fr\/wp-json\/wp\/v2\/media?parent=1570"}],"wp:term":[{"taxonomy":"product_brand","embeddable":true,"href":"https:\/\/kneesolution.com\/fr\/wp-json\/wp\/v2\/product_brand?post=1570"},{"taxonomy":"product_cat","embeddable":true,"href":"https:\/\/kneesolution.com\/fr\/wp-json\/wp\/v2\/product_cat?post=1570"},{"taxonomy":"product_tag","embeddable":true,"href":"https:\/\/kneesolution.com\/fr\/wp-json\/wp\/v2\/product_tag?post=1570"}],"curies":[{"name":"wp","href":"https:\/\/api.w.org\/{rel}","templated":true}]}}